{"id":7,"date":"2015-09-11T16:08:29","date_gmt":"2015-09-11T16:08:29","guid":{"rendered":"http:\/\/hc.hainich-it.de\/wordpress\/?page_id=7"},"modified":"2024-03-24T07:02:18","modified_gmt":"2024-03-24T07:02:18","slug":"kontakt","status":"publish","type":"page","link":"https:\/\/www.harzklub-ilfeld-wiegersdorf.de\/?page_id=7","title":{"rendered":"Mitglied werden"},"content":{"rendered":"<h4 style=\"text-align: center;\">&nbsp;<\/h4>\n<h4 style=\"text-align: center;\"><span style=\"color: #339966;\">&nbsp;Auf diesem Wege k\u00f6nnt Ihr Euch als Mitglied in unserem Verein anmelden .<\/span><\/h4>\n<h4 style=\"text-align: center;\"><span style=\"color: #339966;\">Hier k\u00f6nnt Ihr Euch gleich eine Beitrittserkl\u00e4rung ausdrucken.<\/span><\/h4>\n<h4 style=\"text-align: center;\"><span style=\"color: #339966;\">Wir w\u00fcrden uns \u00fcber jedes neue Mitglied freuen !<\/span><\/h4>\n<p style=\"text-align: center;\">\n<\/p><p style=\"text-align: center;\"><\/p>\n\n\n<figure class=\"wp-block-gallery has-nested-images columns-default is-cropped wp-block-gallery-1 is-layout-flex wp-block-gallery-is-layout-flex\">\n<figure class=\"wp-block-image size-large\"><a href=\"https:\/\/www.harzklub-ilfeld-wiegersdorf.de\/wp-content\/uploads\/2024\/03\/Beitrittserklaerung-2024.png\"><img loading=\"lazy\" decoding=\"async\" width=\"1061\" height=\"1500\" data-id=\"2541\" src=\"http:\/\/www.harzklub-ilfeld-wiegersdorf.de\/wp-content\/uploads\/2024\/03\/Beitrittserklaerung-2024.png\" alt=\"\" class=\"wp-image-2541\" srcset=\"https:\/\/www.harzklub-ilfeld-wiegersdorf.de\/wp-content\/uploads\/2024\/03\/Beitrittserklaerung-2024.png 1061w, https:\/\/www.harzklub-ilfeld-wiegersdorf.de\/wp-content\/uploads\/2024\/03\/Beitrittserklaerung-2024-212x300.png 212w, https:\/\/www.harzklub-ilfeld-wiegersdorf.de\/wp-content\/uploads\/2024\/03\/Beitrittserklaerung-2024-724x1024.png 724w, https:\/\/www.harzklub-ilfeld-wiegersdorf.de\/wp-content\/uploads\/2024\/03\/Beitrittserklaerung-2024-768x1086.png 768w\" sizes=\"auto, (max-width: 1061px) 100vw, 1061px\" \/><\/a><\/figure>\n<\/figure>\n\n\n\n<figure class=\"wp-block-gallery has-nested-images columns-default is-cropped wp-block-gallery-2 is-layout-flex wp-block-gallery-is-layout-flex\">\n<figure class=\"wp-block-image size-large\"><a href=\"https:\/\/www.harzklub-ilfeld-wiegersdorf.de\/wp-content\/uploads\/2024\/03\/Beitragsordnung.png\"><img loading=\"lazy\" decoding=\"async\" width=\"724\" height=\"1024\" data-id=\"2544\" src=\"https:\/\/www.harzklub-ilfeld-wiegersdorf.de\/wp-content\/uploads\/2024\/03\/Beitragsordnung-724x1024.png\" alt=\"\" class=\"wp-image-2544\" srcset=\"https:\/\/www.harzklub-ilfeld-wiegersdorf.de\/wp-content\/uploads\/2024\/03\/Beitragsordnung-724x1024.png 724w, https:\/\/www.harzklub-ilfeld-wiegersdorf.de\/wp-content\/uploads\/2024\/03\/Beitragsordnung-212x300.png 212w, https:\/\/www.harzklub-ilfeld-wiegersdorf.de\/wp-content\/uploads\/2024\/03\/Beitragsordnung-768x1087.png 768w, https:\/\/www.harzklub-ilfeld-wiegersdorf.de\/wp-content\/uploads\/2024\/03\/Beitragsordnung.png 1060w\" sizes=\"auto, (max-width: 724px) 100vw, 724px\" \/><\/a><\/figure>\n<\/figure>\n\n\n\n<figure class=\"wp-block-gallery has-nested-images columns-default is-cropped wp-block-gallery-3 is-layout-flex wp-block-gallery-is-layout-flex\"><\/figure>\n","protected":false},"excerpt":{"rendered":"<p>&nbsp; &nbsp;Auf diesem Wege k\u00f6nnt Ihr Euch als Mitglied in unserem Verein anmelden . Hier k\u00f6nnt Ihr Euch gleich eine Beitrittserkl\u00e4rung ausdrucken. Wir w\u00fcrden uns \u00fcber jedes neue Mitglied freuen !<\/p>\n","protected":false},"author":1,"featured_media":0,"parent":0,"menu_order":0,"comment_status":"closed","ping_status":"closed","template":"","meta":{"footnotes":""},"class_list":["post-7","page","type-page","status-publish","hentry"],"_links":{"self":[{"href":"https:\/\/www.harzklub-ilfeld-wiegersdorf.de\/index.php?rest_route=\/wp\/v2\/pages\/7","targetHints":{"allow":["GET"]}}],"collection":[{"href":"https:\/\/www.harzklub-ilfeld-wiegersdorf.de\/index.php?rest_route=\/wp\/v2\/pages"}],"about":[{"href":"https:\/\/www.harzklub-ilfeld-wiegersdorf.de\/index.php?rest_route=\/wp\/v2\/types\/page"}],"author":[{"embeddable":true,"href":"https:\/\/www.harzklub-ilfeld-wiegersdorf.de\/index.php?rest_route=\/wp\/v2\/users\/1"}],"replies":[{"embeddable":true,"href":"https:\/\/www.harzklub-ilfeld-wiegersdorf.de\/index.php?rest_route=%2Fwp%2Fv2%2Fcomments&post=7"}],"version-history":[{"count":23,"href":"https:\/\/www.harzklub-ilfeld-wiegersdorf.de\/index.php?rest_route=\/wp\/v2\/pages\/7\/revisions"}],"predecessor-version":[{"id":2567,"href":"https:\/\/www.harzklub-ilfeld-wiegersdorf.de\/index.php?rest_route=\/wp\/v2\/pages\/7\/revisions\/2567"}],"wp:attachment":[{"href":"https:\/\/www.harzklub-ilfeld-wiegersdorf.de\/index.php?rest_route=%2Fwp%2Fv2%2Fmedia&parent=7"}],"curies":[{"name":"wp","href":"https:\/\/api.w.org\/{rel}","templated":true}]}}