{"id":251,"date":"2015-11-04T16:36:33","date_gmt":"2015-11-04T16:36:33","guid":{"rendered":"http:\/\/hc.hainich-it.de\/wordpress\/?page_id=251"},"modified":"2024-03-24T06:57:09","modified_gmt":"2024-03-24T06:57:09","slug":"unsere-arbeit","status":"publish","type":"page","link":"https:\/\/www.harzklub-ilfeld-wiegersdorf.de\/?page_id=251","title":{"rendered":"\u00dcber uns"},"content":{"rendered":"<h6 style=\"text-align: center;\"><\/h6>\n<h4 style=\"text-align: center;\"><span style=\"color: #339966;\">Wir als Harzklub-Zweigverein&nbsp; Ilfeld \u2013 Wiegersdorf<\/span><br \/>\n<span style=\"color: #339966;\">wollen mithelfen unsere sch\u00f6ne S\u00fcdharzregion<\/span><br \/>\n<span style=\"color: #339966;\">f\u00fcr jedermann wander \u2013 und erlebbar zu machen .<\/span><\/h4>\n<p>&nbsp;<\/p>\n<h4><\/h4>\n<h4 style=\"text-align: center;\"><span style=\"text-decoration: underline; color: #339966;\">Unsere Ziele und Aufgaben<\/span><\/h4>\n<h4><\/h4>\n<h4 style=\"text-align: left;\"><span style=\"color: #339966;\">1. Anlegen , unterhalten und markieren von&nbsp;&nbsp; Wanderwegen<\/span><br \/>\n<span style=\"color: #339966;\">2. Planung und Durchf\u00fchrung von Wanderungen und Themenwanderungen<\/span><br \/>\n<span style=\"color: #339966;\">3. Bau und Unterhaltung von Aussichtspunkten , Schutzh\u00fctten Rastpl\u00e4tzen , Orientierungstafeln B\u00e4nken usw.<\/span><br \/>\n<span style=\"color: #339966;\">4. Mitarbeit beim Natur &#8211; und Umweltschutz<\/span><br \/>\n<span style=\"color: #339966;\">5. F\u00f6rderung des Harzer Kulturgutes<\/span><\/h4>\n<p>&nbsp;<\/p>\n<h4 class=\"bodytext\" style=\"text-align: center;\"><\/h4>\n<h4 class=\"bodytext\" style=\"text-align: center;\"><span style=\"color: #339966;\">Die erfolgreiche Arbeit des Harzklub-Zweigvereines wurde Dezember 2006 verdienstvoll gew\u00fcrdigt.<\/span><\/h4>\n<h4 class=\"bodytext\" style=\"text-align: center;\"><span style=\"color: #339966;\">Der Bundespr\u00e4sident der Bundesrepublik Deutschland <\/span><\/h4>\n<h4 class=\"bodytext\" style=\"text-align: center;\"><span style=\"color: #339966;\">verlieh dem Harzklub-Zweigverein Ilfeld-Wiegersdorf <\/span><\/h4>\n<h4 class=\"bodytext\" style=\"text-align: center;\"><span style=\"color: #339966;\">als Auszeichnung f\u00fcr die in langj\u00e4hrigem Wirken erworbenen besonderen \u201eVerdienste um die Pflege und F\u00f6rderung des Wanderns, des Heimatgedankens und des Umweltbewusstseins\u201c <\/span><\/h4>\n<h4 class=\"bodytext\" style=\"text-align: center;\"><span style=\"color: #339966;\">die Eichendorff-Plakette.<\/span><\/h4>\n<p>&nbsp;<\/p>\n<p>&nbsp;<\/p>\n<h3 style=\"text-align: left;\"><strong><span style=\"color: #339966;\">&nbsp;<\/span><\/strong><\/h3>\n","protected":false},"excerpt":{"rendered":"<p>Wir als Harzklub-Zweigverein&nbsp; Ilfeld \u2013 Wiegersdorf wollen mithelfen unsere sch\u00f6ne S\u00fcdharzregion f\u00fcr jedermann wander \u2013 und erlebbar zu machen . &nbsp; Unsere Ziele und Aufgaben 1. Anlegen , unterhalten und markieren von&nbsp;&nbsp; Wanderwegen 2. Planung und Durchf\u00fchrung von Wanderungen und&hellip; <\/p>\n","protected":false},"author":1,"featured_media":0,"parent":0,"menu_order":0,"comment_status":"closed","ping_status":"closed","template":"","meta":{"footnotes":""},"class_list":["post-251","page","type-page","status-publish","hentry"],"_links":{"self":[{"href":"https:\/\/www.harzklub-ilfeld-wiegersdorf.de\/index.php?rest_route=\/wp\/v2\/pages\/251","targetHints":{"allow":["GET"]}}],"collection":[{"href":"https:\/\/www.harzklub-ilfeld-wiegersdorf.de\/index.php?rest_route=\/wp\/v2\/pages"}],"about":[{"href":"https:\/\/www.harzklub-ilfeld-wiegersdorf.de\/index.php?rest_route=\/wp\/v2\/types\/page"}],"author":[{"embeddable":true,"href":"https:\/\/www.harzklub-ilfeld-wiegersdorf.de\/index.php?rest_route=\/wp\/v2\/users\/1"}],"replies":[{"embeddable":true,"href":"https:\/\/www.harzklub-ilfeld-wiegersdorf.de\/index.php?rest_route=%2Fwp%2Fv2%2Fcomments&post=251"}],"version-history":[{"count":34,"href":"https:\/\/www.harzklub-ilfeld-wiegersdorf.de\/index.php?rest_route=\/wp\/v2\/pages\/251\/revisions"}],"predecessor-version":[{"id":2554,"href":"https:\/\/www.harzklub-ilfeld-wiegersdorf.de\/index.php?rest_route=\/wp\/v2\/pages\/251\/revisions\/2554"}],"wp:attachment":[{"href":"https:\/\/www.harzklub-ilfeld-wiegersdorf.de\/index.php?rest_route=%2Fwp%2Fv2%2Fmedia&parent=251"}],"curies":[{"name":"wp","href":"https:\/\/api.w.org\/{rel}","templated":true}]}}