{"id":2382,"date":"2023-07-08T04:07:07","date_gmt":"2023-07-08T04:07:07","guid":{"rendered":"http:\/\/www.harzklub-ilfeld-wiegersdorf.de\/?page_id=2382"},"modified":"2023-07-24T17:53:09","modified_gmt":"2023-07-24T17:53:09","slug":"2023-2","status":"publish","type":"page","link":"https:\/\/www.harzklub-ilfeld-wiegersdorf.de\/?page_id=2382","title":{"rendered":"22. Brockenwanderung 2023"},"content":{"rendered":"<h4 style=\"text-align: left;\"><span style=\"color: #339966;\">Der Blumenpavillon in Ilfeld war am 01.Juli 2023 um 04:30 Uhr wieder Treffpunkt zum Start der traditionellen Wanderung des Harzklub Zweigvereins Ilfeld \u2013 Wiegersdorf <\/span><span style=\"color: #339966;\">von Ilfeld zum Brocken .<\/span><\/h4>\n<h4 style=\"text-align: left;\"><span style=\"color: #339966;\">Diese Wanderung wurde \u00fcbrigens in diesem Jahr schon zum 22. Male durchgef\u00fchrt . Dreiundzwanzig Wanderbegeisterte und der Begleithund von der Ziegenalm in Sophienhof machten sich auf den Weg um die Strecke zum Brocken in Angriff zu nehmen .<\/span><\/h4>\n<h4 style=\"text-align: left;\"><span style=\"color: #339966;\">Durch das Fischbachtal , \u00fcber den Gr\u00fcnen Platz weiter nach Rothes\u00fctte und Benneckenstein , nach Tanne und Elend ,dann weiter nach Schierke ,von wo alle noch fit und gutgelaunt die letzten Kilometer zum Brocken in Angriff nahmen .<\/span><\/h4>\n<h4 style=\"text-align: left;\"><span style=\"color: #339966;\">Alle erreichten munter und gut gelaunt den Brockengipfel ,12\u00b0C und ein strammer Wind , teilweise schon Sturmb\u00f6en erwarteten dort oben die Wanderer .<\/span><\/h4>\n<h4 style=\"text-align: left;\"><span style=\"color: #339966;\">Nach einer Erfrischung im Goethesaal und dem traditionellen Gipfelfoto am Brockenstein klang dieser sch\u00f6ne Tag bei der gem\u00fctlichen R\u00fcckfahrt mit dem Dampfzug der HSB zur\u00fcck nach Ilfeld aus .<\/span><\/h4>\n<p>\u00a0<\/p>\n<p style=\"text-align: center;\"><img loading=\"lazy\" decoding=\"async\" class=\"aligncenter  wp-image-2366\" src=\"http:\/\/www.harzklub-ilfeld-wiegersdorf.de\/wp-content\/uploads\/2023\/07\/Brockenwanderung-2-1024x545.jpg\" alt=\"\" width=\"884\" height=\"471\" srcset=\"https:\/\/www.harzklub-ilfeld-wiegersdorf.de\/wp-content\/uploads\/2023\/07\/Brockenwanderung-2-1024x545.jpg 1024w, https:\/\/www.harzklub-ilfeld-wiegersdorf.de\/wp-content\/uploads\/2023\/07\/Brockenwanderung-2-300x160.jpg 300w, https:\/\/www.harzklub-ilfeld-wiegersdorf.de\/wp-content\/uploads\/2023\/07\/Brockenwanderung-2-768x409.jpg 768w, https:\/\/www.harzklub-ilfeld-wiegersdorf.de\/wp-content\/uploads\/2023\/07\/Brockenwanderung-2.jpg 1500w\" sizes=\"auto, (max-width: 884px) 100vw, 884px\" \/><\/p>\n\n\n<div class=\"wp-block-columns is-layout-flex wp-container-core-columns-is-layout-9d6595d7 wp-block-columns-is-layout-flex\">\n<div class=\"wp-block-column is-layout-flow wp-block-column-is-layout-flow\" style=\"flex-basis:100%\">\n<pre class=\"wp-block-preformatted\"><\/pre>\n<\/div>\n<\/div>\n\n\n\n<p><\/p>\n","protected":false},"excerpt":{"rendered":"<p>Der Blumenpavillon in Ilfeld war am 01.Juli 2023 um 04:30 Uhr wieder Treffpunkt zum Start der traditionellen Wanderung des Harzklub Zweigvereins Ilfeld \u2013 Wiegersdorf von Ilfeld zum Brocken . Diese Wanderung wurde \u00fcbrigens in diesem Jahr schon zum 22. Male&hellip; <\/p>\n","protected":false},"author":1,"featured_media":0,"parent":0,"menu_order":0,"comment_status":"closed","ping_status":"closed","template":"","meta":{"footnotes":""},"class_list":["post-2382","page","type-page","status-publish","hentry"],"_links":{"self":[{"href":"https:\/\/www.harzklub-ilfeld-wiegersdorf.de\/index.php?rest_route=\/wp\/v2\/pages\/2382","targetHints":{"allow":["GET"]}}],"collection":[{"href":"https:\/\/www.harzklub-ilfeld-wiegersdorf.de\/index.php?rest_route=\/wp\/v2\/pages"}],"about":[{"href":"https:\/\/www.harzklub-ilfeld-wiegersdorf.de\/index.php?rest_route=\/wp\/v2\/types\/page"}],"author":[{"embeddable":true,"href":"https:\/\/www.harzklub-ilfeld-wiegersdorf.de\/index.php?rest_route=\/wp\/v2\/users\/1"}],"replies":[{"embeddable":true,"href":"https:\/\/www.harzklub-ilfeld-wiegersdorf.de\/index.php?rest_route=%2Fwp%2Fv2%2Fcomments&post=2382"}],"version-history":[{"count":19,"href":"https:\/\/www.harzklub-ilfeld-wiegersdorf.de\/index.php?rest_route=\/wp\/v2\/pages\/2382\/revisions"}],"predecessor-version":[{"id":2412,"href":"https:\/\/www.harzklub-ilfeld-wiegersdorf.de\/index.php?rest_route=\/wp\/v2\/pages\/2382\/revisions\/2412"}],"wp:attachment":[{"href":"https:\/\/www.harzklub-ilfeld-wiegersdorf.de\/index.php?rest_route=%2Fwp%2Fv2%2Fmedia&parent=2382"}],"curies":[{"name":"wp","href":"https:\/\/api.w.org\/{rel}","templated":true}]}}