{"id":2,"date":"2015-08-19T04:23:47","date_gmt":"2015-08-19T04:23:47","guid":{"rendered":"http:\/\/hc.hainich-it.de\/wordpress\/?page_id=2"},"modified":"2026-05-03T11:21:00","modified_gmt":"2026-05-03T11:21:00","slug":"sample-page","status":"publish","type":"page","link":"https:\/\/www.harzklub-ilfeld-wiegersdorf.de\/","title":{"rendered":""},"content":{"rendered":"<h4 style=\"text-align: center;\">\u00a0<\/h4>\n<h3 style=\"text-align: center;\"><span style=\"color: #339966;\">Herzlich willkommen auf der Seite des<\/span><\/h3>\n<h3 style=\"text-align: center;\"><span style=\"color: #339966;\">Harzklub Zweigvereins Ilfeld-Wiegersdorf .<\/span><\/h3>\n<h3 style=\"text-align: center;\">\u00a0<span style=\"color: #339966;\">Hier findet Ihr viele Informationen \u00fcber unseren Verein ,<\/span><\/h3>\n<h3 style=\"text-align: center;\"><span style=\"color: #339966;\">unsere Aktivit\u00e4ten sowie \u00fcber unser Revier im sch\u00f6nen S\u00fcdharz .<\/span><\/h3>\n<h3 style=\"text-align: center;\"><span style=\"color: #339966;\"> Viel Spa\u00df beim st\u00f6bern .<\/span><\/h3>\n<h3 style=\"text-align: center;\">\u00a0<\/h3>\n<p style=\"text-align: center;\"><a href=\"http:\/\/www.harzklub-ilfeld-wiegersdorf.de\/wp-content\/uploads\/2026\/05\/Walkmuehle-.png\"><img loading=\"lazy\" decoding=\"async\" class=\"alignnone  wp-image-2970\" src=\"http:\/\/www.harzklub-ilfeld-wiegersdorf.de\/wp-content\/uploads\/2026\/05\/Walkmuehle-.png\" alt=\"\" width=\"542\" height=\"721\" srcset=\"https:\/\/www.harzklub-ilfeld-wiegersdorf.de\/wp-content\/uploads\/2026\/05\/Walkmuehle-.png 1087w, https:\/\/www.harzklub-ilfeld-wiegersdorf.de\/wp-content\/uploads\/2026\/05\/Walkmuehle--225x300.png 225w, https:\/\/www.harzklub-ilfeld-wiegersdorf.de\/wp-content\/uploads\/2026\/05\/Walkmuehle--769x1024.png 769w, https:\/\/www.harzklub-ilfeld-wiegersdorf.de\/wp-content\/uploads\/2026\/05\/Walkmuehle--768x1022.png 768w\" sizes=\"auto, (max-width: 542px) 100vw, 542px\" \/><\/a><\/p>\n<h3>\u00a0<\/h3>\n<h3>\u00a0<\/h3>\n<h3 style=\"text-align: center;\"><span style=\"color: #339966;\"><a href=\"http:\/\/www.harzklub-ilfeld-wiegersdorf.de\/wp-content\/uploads\/2022\/04\/DSCN8652_20210418_11773-1.jpg\"><img loading=\"lazy\" decoding=\"async\" class=\"alignnone  wp-image-2193\" src=\"http:\/\/www.harzklub-ilfeld-wiegersdorf.de\/wp-content\/uploads\/2022\/04\/DSCN8652_20210418_11773-1.jpg\" alt=\"\" width=\"401\" height=\"514\" srcset=\"https:\/\/www.harzklub-ilfeld-wiegersdorf.de\/wp-content\/uploads\/2022\/04\/DSCN8652_20210418_11773-1.jpg 1171w, https:\/\/www.harzklub-ilfeld-wiegersdorf.de\/wp-content\/uploads\/2022\/04\/DSCN8652_20210418_11773-1-234x300.jpg 234w, https:\/\/www.harzklub-ilfeld-wiegersdorf.de\/wp-content\/uploads\/2022\/04\/DSCN8652_20210418_11773-1-799x1024.jpg 799w, https:\/\/www.harzklub-ilfeld-wiegersdorf.de\/wp-content\/uploads\/2022\/04\/DSCN8652_20210418_11773-1-768x984.jpg 768w\" sizes=\"auto, (max-width: 401px) 100vw, 401px\" \/><\/a><\/span><\/h3>\n<h3 style=\"text-align: center;\"><span style=\"color: #339966;\">Sie sind wieder unterwegs !<\/span><\/h3>\n<h3 style=\"text-align: center;\">\u00a0<\/h3>\n<h1 style=\"text-align: center;\">\u00a0<\/h1>\n<p style=\"text-align: center;\">\u00a0<\/p>\n\n\n<figure class=\"wp-block-gallery has-nested-images columns-default is-cropped wp-block-gallery-1 is-layout-flex wp-block-gallery-is-layout-flex\"><\/figure>\n\n\n<\/p>\n<p style=\"text-align: center;\">","protected":false},"excerpt":{"rendered":"<p>\u00a0 Herzlich willkommen auf der Seite des Harzklub Zweigvereins Ilfeld-Wiegersdorf . \u00a0Hier findet Ihr viele Informationen \u00fcber unseren Verein , unsere Aktivit\u00e4ten sowie \u00fcber unser Revier im sch\u00f6nen S\u00fcdharz . Viel Spa\u00df beim st\u00f6bern . \u00a0 \u00a0 \u00a0 Sie sind&hellip; <\/p>\n","protected":false},"author":1,"featured_media":0,"parent":0,"menu_order":0,"comment_status":"closed","ping_status":"closed","template":"","meta":{"footnotes":""},"class_list":["post-2","page","type-page","status-publish","hentry"],"_links":{"self":[{"href":"https:\/\/www.harzklub-ilfeld-wiegersdorf.de\/index.php?rest_route=\/wp\/v2\/pages\/2","targetHints":{"allow":["GET"]}}],"collection":[{"href":"https:\/\/www.harzklub-ilfeld-wiegersdorf.de\/index.php?rest_route=\/wp\/v2\/pages"}],"about":[{"href":"https:\/\/www.harzklub-ilfeld-wiegersdorf.de\/index.php?rest_route=\/wp\/v2\/types\/page"}],"author":[{"embeddable":true,"href":"https:\/\/www.harzklub-ilfeld-wiegersdorf.de\/index.php?rest_route=\/wp\/v2\/users\/1"}],"replies":[{"embeddable":true,"href":"https:\/\/www.harzklub-ilfeld-wiegersdorf.de\/index.php?rest_route=%2Fwp%2Fv2%2Fcomments&post=2"}],"version-history":[{"count":517,"href":"https:\/\/www.harzklub-ilfeld-wiegersdorf.de\/index.php?rest_route=\/wp\/v2\/pages\/2\/revisions"}],"predecessor-version":[{"id":2972,"href":"https:\/\/www.harzklub-ilfeld-wiegersdorf.de\/index.php?rest_route=\/wp\/v2\/pages\/2\/revisions\/2972"}],"wp:attachment":[{"href":"https:\/\/www.harzklub-ilfeld-wiegersdorf.de\/index.php?rest_route=%2Fwp%2Fv2%2Fmedia&parent=2"}],"curies":[{"name":"wp","href":"https:\/\/api.w.org\/{rel}","templated":true}]}}