{"id":1486,"date":"2018-09-29T14:23:52","date_gmt":"2018-09-29T14:23:52","guid":{"rendered":"http:\/\/www.harzklub-ilfeld-wiegersdorf.de\/?page_id=1486"},"modified":"2019-09-05T16:50:23","modified_gmt":"2019-09-05T16:50:23","slug":"rundweg-ilfeld","status":"publish","type":"page","link":"https:\/\/www.harzklub-ilfeld-wiegersdorf.de\/?page_id=1486","title":{"rendered":"2 Rundweg Ilfeld"},"content":{"rendered":"<h3 style=\"text-align: center;\"><span style=\"color: #339966;\">Rundweg Ilfeld<\/span><\/h3>\n<h4><\/h4>\n<h4 style=\"text-align: center;\"><span style=\"color: #339966;\">Wanderparkplatz &#8211; Nadel\u00f6hr &#8211; Goetheweg &#8211; Obertor &#8211; Burggasse &#8211; Burgberg &#8211; Niedernhausener Stra\u00dfe &#8211; Wilrijk Br\u00fccke &#8211; M\u00fchlberg &#8211; Lange Wand Aussicht &#8211; M\u00fchlberg Aussicht &#8211; Bauernstra\u00dfe &#8211; Ilgerborn &#8211; Heger &#8211; Lienberg &#8211; Steinberg &#8211; Weidentalwiese &#8211; Wanderparkplatz<br \/>\n<\/span><\/h4>\n<h4 style=\"text-align: center;\"><span style=\"color: #339966;\">ca. 7.5 km<\/span><\/h4>\n<p>&nbsp;<\/p>\n<p style=\"text-align: center;\"><a href=\"http:\/\/www.harzklub-ilfeld-wiegersdorf.de\/wp-content\/uploads\/2018\/10\/Verlauf-Rundweg-Ilfeld.jpg\"><img loading=\"lazy\" decoding=\"async\" class=\"aligncenter size-large wp-image-1503\" src=\"http:\/\/www.harzklub-ilfeld-wiegersdorf.de\/wp-content\/uploads\/2018\/10\/Verlauf-Rundweg-Ilfeld-1024x1024.jpg\" alt=\"\" width=\"700\" height=\"700\" srcset=\"https:\/\/www.harzklub-ilfeld-wiegersdorf.de\/wp-content\/uploads\/2018\/10\/Verlauf-Rundweg-Ilfeld-1024x1024.jpg 1024w, https:\/\/www.harzklub-ilfeld-wiegersdorf.de\/wp-content\/uploads\/2018\/10\/Verlauf-Rundweg-Ilfeld-150x150.jpg 150w, https:\/\/www.harzklub-ilfeld-wiegersdorf.de\/wp-content\/uploads\/2018\/10\/Verlauf-Rundweg-Ilfeld-300x300.jpg 300w, https:\/\/www.harzklub-ilfeld-wiegersdorf.de\/wp-content\/uploads\/2018\/10\/Verlauf-Rundweg-Ilfeld-768x768.jpg 768w, https:\/\/www.harzklub-ilfeld-wiegersdorf.de\/wp-content\/uploads\/2018\/10\/Verlauf-Rundweg-Ilfeld-230x230.jpg 230w, https:\/\/www.harzklub-ilfeld-wiegersdorf.de\/wp-content\/uploads\/2018\/10\/Verlauf-Rundweg-Ilfeld.jpg 1299w\" sizes=\"auto, (max-width: 700px) 100vw, 700px\" \/><\/a><\/p>\n","protected":false},"excerpt":{"rendered":"<p>Rundweg Ilfeld Wanderparkplatz &#8211; Nadel\u00f6hr &#8211; Goetheweg &#8211; Obertor &#8211; Burggasse &#8211; Burgberg &#8211; Niedernhausener Stra\u00dfe &#8211; Wilrijk Br\u00fccke &#8211; M\u00fchlberg &#8211; Lange Wand Aussicht &#8211; M\u00fchlberg Aussicht &#8211; Bauernstra\u00dfe &#8211; Ilgerborn &#8211; Heger &#8211; Lienberg &#8211; Steinberg &#8211; Weidentalwiese&hellip; <\/p>\n","protected":false},"author":1,"featured_media":0,"parent":0,"menu_order":0,"comment_status":"closed","ping_status":"closed","template":"","meta":{"footnotes":""},"class_list":["post-1486","page","type-page","status-publish","hentry"],"_links":{"self":[{"href":"https:\/\/www.harzklub-ilfeld-wiegersdorf.de\/index.php?rest_route=\/wp\/v2\/pages\/1486","targetHints":{"allow":["GET"]}}],"collection":[{"href":"https:\/\/www.harzklub-ilfeld-wiegersdorf.de\/index.php?rest_route=\/wp\/v2\/pages"}],"about":[{"href":"https:\/\/www.harzklub-ilfeld-wiegersdorf.de\/index.php?rest_route=\/wp\/v2\/types\/page"}],"author":[{"embeddable":true,"href":"https:\/\/www.harzklub-ilfeld-wiegersdorf.de\/index.php?rest_route=\/wp\/v2\/users\/1"}],"replies":[{"embeddable":true,"href":"https:\/\/www.harzklub-ilfeld-wiegersdorf.de\/index.php?rest_route=%2Fwp%2Fv2%2Fcomments&post=1486"}],"version-history":[{"count":11,"href":"https:\/\/www.harzklub-ilfeld-wiegersdorf.de\/index.php?rest_route=\/wp\/v2\/pages\/1486\/revisions"}],"predecessor-version":[{"id":1721,"href":"https:\/\/www.harzklub-ilfeld-wiegersdorf.de\/index.php?rest_route=\/wp\/v2\/pages\/1486\/revisions\/1721"}],"wp:attachment":[{"href":"https:\/\/www.harzklub-ilfeld-wiegersdorf.de\/index.php?rest_route=%2Fwp%2Fv2%2Fmedia&parent=1486"}],"curies":[{"name":"wp","href":"https:\/\/api.w.org\/{rel}","templated":true}]}}