{"id":334,"date":"2015-11-27T17:05:35","date_gmt":"2015-11-27T17:05:35","guid":{"rendered":"http:\/\/hc.hainich-it.de\/wordpress\/?page_id=334"},"modified":"2018-04-08T06:07:29","modified_gmt":"2018-04-08T06:07:29","slug":"2015-2","status":"publish","type":"page","link":"http:\/\/www.harzklub-ilfeld-wiegersdorf.de\/?page_id=334","title":{"rendered":"2015"},"content":{"rendered":"<p style=\"text-align: center;\"><span style=\"color: #008000;\">Impressionen von der llfelder Brockenwanderung am 04.Juli 2015<\/span><\/p>\n<p style=\"text-align: center;\"><span style=\"color: #008000;\">Start um 4.30Uhr am Blumenpavillon in Ilfeld<\/span><\/p>\n<p style=\"text-align: center;\"><span style=\"color: #008000;\">Strecke \u00fcber Rothesh\u00fctte &#8211; Benneckenstein &#8211; Tanne &#8211; Elend &#8211; Schierke &#8211; Ahrentsklint &#8211; Brocken<\/span><\/p>\n<p style=\"text-align: center;\"><span style=\"color: #008000;\">Streckenl\u00e4nge 42 km<\/span><\/p>\n<p style=\"text-align: center;\"><span style=\"color: #008000;\">R\u00fcckfahrt mit der HSB<\/span><\/p>\n<p>&nbsp;<\/p>\n<p style=\"text-align: center;\"><div id=\"grid-gallery-8-8174\" data-gg-id=\"8\" data-title=\"2015\" data-grid-type=\"0\" data-offset=\"5.3\" data-area-position=\"center\" data-icons=\"\" data-preloader=\"\" data-width=\"215\" data-height=\"215\" data-padding=\"0\" data-quicksand=\"disabled\" data-quicksand-duration=\"none\" data-popup-theme=\"theme_6\" data-popup-type=\"pretty-photo\" data-popup-image-text=\"title\" data-popup-widthsize=\"auto\" data-popup-heightsize=\"auto\" data-popup-i18n-words=\"{&quot;close&quot;:&quot;schlie\\u00dfen&quot;,&quot;next&quot;:&quot;n\\u00e4chste&quot;,&quot;previous&quot;:&quot;vorherige&quot;,&quot;start_slideshow&quot;:&quot;Starte Slideshow&quot;,&quot;stop_slideshow&quot;:&quot;Stoppe Slideshow&quot;,&quot;image&quot;:&quot;Bild&quot;,&quot;of&quot;:&quot;von&quot;,&quot;prev&quot;:&quot;vorherige&quot;,&quot;cExpand&quot;:&quot;Erweitere&quot;,&quot;cPrevious&quot;:&quot;Vorheriges&quot;,&quot;cNext&quot;:&quot;N\\u00e4chstes&quot;,&quot;cExpandStr&quot;:&quot;Erweitere Bild&quot;,&quot;cRotate&quot;:&quot;Rotate&quot;,&quot;cDetails&quot;:&quot;Details&quot;}\" data-popup-slideshow=\"true\" data-popup-slideshow-speed=\"2500\" data-popup-hoverstop=\"true\" data-popup-slideshow-auto=\"true\" data-popup-background=\"\" data-popup-transparency=\"30\" data-popup-disable-history=\"\" data-popup-disable-changed-url=\"\" data-popup-border-type=\"\" data-popup-border-color=\"\" data-popup-border-width=\"\" data-popup-border-enable=\"\" data-fullscreen=\"false\" data-hide-tooltip=\"false\" data-caption-font-family=\"Abel\" data-caption-text-size=\"140\" data-is-mobile=\"0\" data-caption-mobile=\"false\" data-hide-long-tltp-title=\"0\" data-caption-disabled-on-mobile=\"false\" data-popup-placement-type=\"0\" data-social-sharing=\"{&quot;enabled&quot;:null,&quot;gallerySharing&quot;:{&quot;enabled&quot;:null,&quot;position&quot;:null},&quot;imageSharing&quot;:{&quot;enabled&quot;:null,&quot;wrapperClass&quot;:&quot; vertical &quot;},&quot;popupSharing&quot;:{&quot;enabled&quot;:null,&quot;wrapperClass&quot;:&quot; vertical &quot;}}\" class=\"grid-gallery grid-gallery-fixed \" style=\" width:100%; height:auto; margin-left:auto; margin-right:auto;position:relative;\"> <div class=\"gallery-loading\"> <div class=\"blocks\"> <div class=\"block\"><\/div> <div class=\"block\"><\/div> <div class=\"block\"><\/div> <div class=\"block\"><\/div> <\/div> <\/div> <div class=\"gallery-sharing-top\" style=\"display:none;\"> <\/div> <div id=\"photos-8\" class=\"grid-gallery-photos\"><FIGURE class=\"grid-gallery-caption\" data-grid-gallery-type=\"quarter-slide-up\" data-index=\"0\" style=\"display:none;border-radius:00;; margin:5.3px; width:2150;\" ><div class=\"crop\" style=\" width:2150; height:2150; overflow:hidden;\"><img decoding=\"async\" src=\"https:\/\/www.harzklub-ilfeld-wiegersdorf.de\/wp-content\/uploads\/2015\/11\/IMG_4581-e1448691151116-215x215.jpg\" class=\"ggImg\" alt=\"Start am Blumenpavillon in Ilfeld\" title=\"Start am Blumenpavillon in Ilfeld\" data-description=\"Start am Blumenpavillon in Ilfeld\" data-caption=\"Start am Blumenpavillon in Ilfeld\" data-title=\"IMG_4581\" style=\" width:215px; height:215px;\" \/><\/div><FIGCAPTION class=\"\" data-alpha=\"5\" style=\"color:#ffffff; background-color:#6f0000; font-size:140; text-align:center; font-family:Abel;\" ><div class=\"grid-gallery-figcaption-wrap\" style=\"\"><\/div><\/FIGCAPTION><\/FIGURE><FIGURE class=\"grid-gallery-caption\" data-grid-gallery-type=\"quarter-slide-up\" data-index=\"1\" style=\"display:none;border-radius:00;; margin:5.3px; width:2150;\" ><div class=\"crop\" style=\" width:2150; height:2150; overflow:hidden;\"><img decoding=\"async\" src=\"https:\/\/www.harzklub-ilfeld-wiegersdorf.de\/wp-content\/uploads\/2015\/11\/IMG_4586-e1448692097217-215x215.jpg\" class=\"ggImg\" alt=\"Fr\u00fchst\u00fcck am Vogelherd\" title=\"Fr\u00fchst\u00fcck am Vogelherd\" data-description=\"Fr\u00fchst\u00fcck am Vogelherd\" data-caption=\"Fr\u00fchst\u00fcck am Vogelherd\" data-title=\"IMG_4586\" style=\" width:215px; height:215px;\" \/><\/div><FIGCAPTION class=\"\" data-alpha=\"5\" style=\"color:#ffffff; background-color:#6f0000; font-size:140; text-align:center; font-family:Abel;\" ><div class=\"grid-gallery-figcaption-wrap\" style=\"\"><\/div><\/FIGCAPTION><\/FIGURE><FIGURE class=\"grid-gallery-caption\" data-grid-gallery-type=\"quarter-slide-up\" data-index=\"2\" style=\"display:none;border-radius:00;; margin:5.3px; width:2150;\" ><div class=\"crop\" style=\" width:2150; height:2150; overflow:hidden;\"><img decoding=\"async\" src=\"https:\/\/www.harzklub-ilfeld-wiegersdorf.de\/wp-content\/uploads\/2018\/04\/Wanderf\u00fchrer-unter-sich-215x215.jpg\" class=\"ggImg\" alt=\"Wanderf\u00fchrer unter sich\" title=\"Wanderf\u00fchrer unter sich\" data-description=\"Wanderf\u00fchrer unter sich\" data-caption=\"Wanderf\u00fchrer unter sich\" data-title=\"Wanderf\u00fchrer unter sich\" style=\" width:215px; height:215px;\" \/><\/div><FIGCAPTION class=\"\" data-alpha=\"5\" style=\"color:#ffffff; background-color:#6f0000; font-size:140; text-align:center; font-family:Abel;\" ><div class=\"grid-gallery-figcaption-wrap\" style=\"\"><\/div><\/FIGCAPTION><\/FIGURE><FIGURE class=\"grid-gallery-caption\" data-grid-gallery-type=\"quarter-slide-up\" data-index=\"3\" style=\"display:none;border-radius:00;; margin:5.3px; width:2150;\" ><div class=\"crop\" style=\" width:2150; height:2150; overflow:hidden;\"><img decoding=\"async\" src=\"https:\/\/www.harzklub-ilfeld-wiegersdorf.de\/wp-content\/uploads\/2015\/11\/DSCF5356-e1448692922339-215x215.jpg\" class=\"ggImg\" alt=\"Sammeln im Wald vor Tanne\" title=\"Sammeln im Wald vor Tanne\" data-description=\"Sammeln im Wald vor Tanne\" data-caption=\"Sammeln im Wald vor Tanne\" data-title=\"DSCF5356\" style=\" width:215px; height:215px;\" \/><\/div><FIGCAPTION class=\"\" data-alpha=\"5\" style=\"color:#ffffff; background-color:#6f0000; font-size:140; text-align:center; font-family:Abel;\" ><div class=\"grid-gallery-figcaption-wrap\" style=\"\"><\/div><\/FIGCAPTION><\/FIGURE><FIGURE class=\"grid-gallery-caption\" data-grid-gallery-type=\"quarter-slide-up\" data-index=\"4\" style=\"display:none;border-radius:00;; margin:5.3px; width:2150;\" ><div class=\"crop\" style=\" width:2150; height:2150; overflow:hidden;\"><img decoding=\"async\" src=\"https:\/\/www.harzklub-ilfeld-wiegersdorf.de\/wp-content\/uploads\/2015\/11\/DSCF5361-215x215.jpg\" class=\"ggImg\" alt=\"Wegweiser auf der H\u00e4lfte der Strecke\" title=\"Wegweiser auf der H\u00e4lfte der Strecke\" data-description=\"Wegweiser auf der H\u00e4lfte der Strecke\" data-caption=\"Wegweiser auf der H\u00e4lfte der Strecke\" data-title=\"DSCF5361\" style=\" width:215px; height:215px;\" \/><\/div><FIGCAPTION class=\"\" data-alpha=\"5\" style=\"color:#ffffff; background-color:#6f0000; font-size:140; text-align:center; font-family:Abel;\" ><div class=\"grid-gallery-figcaption-wrap\" style=\"\"><\/div><\/FIGCAPTION><\/FIGURE><FIGURE class=\"grid-gallery-caption\" data-grid-gallery-type=\"quarter-slide-up\" data-index=\"5\" style=\"display:none;border-radius:00;; margin:5.3px; width:2150;\" ><div class=\"crop\" style=\" width:2150; height:2150; overflow:hidden;\"><img decoding=\"async\" src=\"https:\/\/www.harzklub-ilfeld-wiegersdorf.de\/wp-content\/uploads\/2015\/11\/DSCF5366-215x215.jpg\" class=\"ggImg\" alt=\"Mittagsrast im Elendstal\" title=\"Mittagsrast im Elendstal\" data-description=\"Mittagsrast im Elendstal\" data-caption=\"Mittagsrast im Elendstal\" data-title=\"DSCF5366\" style=\" width:215px; height:215px;\" \/><\/div><FIGCAPTION class=\"\" data-alpha=\"5\" style=\"color:#ffffff; background-color:#6f0000; font-size:140; text-align:center; font-family:Abel;\" ><div class=\"grid-gallery-figcaption-wrap\" style=\"\"><\/div><\/FIGCAPTION><\/FIGURE><FIGURE class=\"grid-gallery-caption\" data-grid-gallery-type=\"quarter-slide-up\" data-index=\"6\" style=\"display:none;border-radius:00;; margin:5.3px; width:2150;\" ><div class=\"crop\" style=\" width:2150; height:2150; overflow:hidden;\"><img decoding=\"async\" src=\"https:\/\/www.harzklub-ilfeld-wiegersdorf.de\/wp-content\/uploads\/2015\/11\/IMG_4634-215x215.jpg\" class=\"ggImg\" alt=\"Mittagsrast im Elendstal\" title=\"Mittagsrast im Elendstal\" data-description=\"Mittagsrast im Elendstal\" data-caption=\"Mittagsrast im Elendstal\" data-title=\"IMG_4634\" style=\" width:215px; height:215px;\" \/><\/div><FIGCAPTION class=\"\" data-alpha=\"5\" style=\"color:#ffffff; background-color:#6f0000; font-size:140; text-align:center; font-family:Abel;\" ><div class=\"grid-gallery-figcaption-wrap\" style=\"\"><\/div><\/FIGCAPTION><\/FIGURE><FIGURE class=\"grid-gallery-caption\" data-grid-gallery-type=\"quarter-slide-up\" data-index=\"7\" style=\"display:none;border-radius:00;; margin:5.3px; width:2150;\" ><div class=\"crop\" style=\" width:2150; height:2150; overflow:hidden;\"><img decoding=\"async\" src=\"https:\/\/www.harzklub-ilfeld-wiegersdorf.de\/wp-content\/uploads\/2015\/11\/IMG_4645-e1448644426472-215x215.jpg\" class=\"ggImg\" alt=\"Gruppenbild auf dem Brocken\" title=\"Gruppenbild auf dem Brocken\" data-description=\"Gruppenbild auf dem Brocken\" data-caption=\"Gruppenbild auf dem Brocken\" data-title=\"IMG_4645\" style=\" width:215px; height:215px;\" \/><\/div><FIGCAPTION class=\"\" data-alpha=\"5\" style=\"color:#ffffff; background-color:#6f0000; font-size:140; text-align:center; font-family:Abel;\" ><div class=\"grid-gallery-figcaption-wrap\" style=\"\"><\/div><\/FIGCAPTION><\/FIGURE><FIGURE class=\"grid-gallery-caption\" data-grid-gallery-type=\"quarter-slide-up\" data-index=\"8\" style=\"display:none;border-radius:00;; margin:5.3px; width:2150;\" ><div class=\"crop\" style=\" width:2150; height:2150; overflow:hidden;\"><img decoding=\"async\" src=\"https:\/\/www.harzklub-ilfeld-wiegersdorf.de\/wp-content\/uploads\/2015\/11\/DSCF5371-215x215.jpg\" class=\"ggImg\" alt=\"Unser Zug f\u00fcr die R\u00fcckfahrt\" title=\"Unser Zug f\u00fcr die R\u00fcckfahrt\" data-description=\"Unser Zug f\u00fcr die R\u00fcckfahrt\" data-caption=\"Unser Zug f\u00fcr die R\u00fcckfahrt\" data-title=\"DSCF5371\" style=\" width:215px; height:215px;\" \/><\/div><FIGCAPTION class=\"\" data-alpha=\"5\" style=\"color:#ffffff; background-color:#6f0000; font-size:140; text-align:center; font-family:Abel;\" ><div class=\"grid-gallery-figcaption-wrap\" style=\"\"><\/div><\/FIGCAPTION><\/FIGURE><FIGURE class=\"grid-gallery-caption\" data-grid-gallery-type=\"quarter-slide-up\" data-index=\"9\" style=\"display:none;border-radius:00;; margin:5.3px; width:2150;\" ><div class=\"crop\" style=\" width:2150; height:2150; overflow:hidden;\"><img decoding=\"async\" src=\"https:\/\/www.harzklub-ilfeld-wiegersdorf.de\/wp-content\/uploads\/2015\/11\/DSCF5377-215x215.jpg\" class=\"ggImg\" alt=\"Verteilung der Plaketten\" title=\"Verteilung der Plaketten\" data-description=\"Verteilung der Plaketten\" data-caption=\"Verteilung der Plaketten\" data-title=\"DSCF5377\" style=\" width:215px; height:215px;\" \/><\/div><FIGCAPTION class=\"\" data-alpha=\"5\" style=\"color:#ffffff; background-color:#6f0000; font-size:140; text-align:center; font-family:Abel;\" ><div class=\"grid-gallery-figcaption-wrap\" style=\"\"><\/div><\/FIGCAPTION><\/FIGURE><FIGURE class=\"grid-gallery-caption\" data-grid-gallery-type=\"quarter-slide-up\" data-index=\"10\" style=\"display:none;border-radius:00;; margin:5.3px; width:2150;\" ><div class=\"crop\" style=\" width:2150; height:2150; overflow:hidden;\"><img decoding=\"async\" src=\"https:\/\/www.harzklub-ilfeld-wiegersdorf.de\/wp-content\/uploads\/2015\/11\/DSCF5381-215x215.jpg\" class=\"ggImg\" alt=\"Auf der R\u00fcckfahrt\" title=\"Auf der R\u00fcckfahrt\" data-description=\"Auf der R\u00fcckfahrt\" data-caption=\"Auf der R\u00fcckfahrt\" data-title=\"DSCF5381\" style=\" width:215px; height:215px;\" \/><\/div><FIGCAPTION class=\"\" data-alpha=\"5\" style=\"color:#ffffff; background-color:#6f0000; font-size:140; text-align:center; font-family:Abel;\" ><div class=\"grid-gallery-figcaption-wrap\" style=\"\"><\/div><\/FIGCAPTION><\/FIGURE><FIGURE class=\"grid-gallery-caption\" data-grid-gallery-type=\"quarter-slide-up\" data-index=\"11\" style=\"display:none;border-radius:00;; margin:5.3px; width:2150;\" ><div class=\"crop\" style=\" width:2150; height:2150; overflow:hidden;\"><img decoding=\"async\" src=\"https:\/\/www.harzklub-ilfeld-wiegersdorf.de\/wp-content\/uploads\/2015\/11\/DSCF5386-215x215.jpg\" class=\"ggImg\" alt=\"Auf der R\u00fcckfahrt\" title=\"Auf der R\u00fcckfahrt\" data-description=\"Auf der R\u00fcckfahrt\" data-caption=\"Auf der R\u00fcckfahrt\" data-title=\"DSCF5386\" style=\" width:215px; height:215px;\" \/><\/div><FIGCAPTION class=\"\" data-alpha=\"5\" style=\"color:#ffffff; background-color:#6f0000; font-size:140; text-align:center; font-family:Abel;\" ><div class=\"grid-gallery-figcaption-wrap\" style=\"\"><\/div><\/FIGCAPTION><\/FIGURE> <div class=\"grid-gallery-clearfix\"><\/div> <\/div> <div class=\"gallery-sharing-bottom\" style=\"display:none;\"> <\/div> <div class=\"gallery-sharing-image\" style=\"display:none;\"> <\/div> <div class=\"gallery-sharing-popup\" style=\"display:none;\"> <\/div> <div class=\"grid-gallery-clearfix\"><\/div> <\/div> <!-- Gallery by Supsystic plugin1.15.32 --><a title=\"Wordpress Photo Gallery\" style=\"display:none;\" href=\"https:\/\/supsystic.com\/plugins\/photo-gallery\/?utm_medium=love_link\" target=\"_blank\">Wordpress Photo Gallery<\/a><\/p>\n","protected":false},"excerpt":{"rendered":"<p>Impressionen von der llfelder Brockenwanderung am 04.Juli 2015 Start um 4.30Uhr am Blumenpavillon in Ilfeld Strecke \u00fcber Rothesh\u00fctte &#8211; Benneckenstein &#8211; Tanne &#8211; Elend &#8211; Schierke &#8211; Ahrentsklint &#8211; Brocken Streckenl\u00e4nge 42 km R\u00fcckfahrt mit der HSB &nbsp;<\/p>\n","protected":false},"author":1,"featured_media":0,"parent":0,"menu_order":0,"comment_status":"closed","ping_status":"closed","template":"","meta":{"footnotes":""},"class_list":["post-334","page","type-page","status-publish","hentry"],"_links":{"self":[{"href":"http:\/\/www.harzklub-ilfeld-wiegersdorf.de\/index.php?rest_route=\/wp\/v2\/pages\/334","targetHints":{"allow":["GET"]}}],"collection":[{"href":"http:\/\/www.harzklub-ilfeld-wiegersdorf.de\/index.php?rest_route=\/wp\/v2\/pages"}],"about":[{"href":"http:\/\/www.harzklub-ilfeld-wiegersdorf.de\/index.php?rest_route=\/wp\/v2\/types\/page"}],"author":[{"embeddable":true,"href":"http:\/\/www.harzklub-ilfeld-wiegersdorf.de\/index.php?rest_route=\/wp\/v2\/users\/1"}],"replies":[{"embeddable":true,"href":"http:\/\/www.harzklub-ilfeld-wiegersdorf.de\/index.php?rest_route=%2Fwp%2Fv2%2Fcomments&post=334"}],"version-history":[{"count":6,"href":"http:\/\/www.harzklub-ilfeld-wiegersdorf.de\/index.php?rest_route=\/wp\/v2\/pages\/334\/revisions"}],"predecessor-version":[{"id":1398,"href":"http:\/\/www.harzklub-ilfeld-wiegersdorf.de\/index.php?rest_route=\/wp\/v2\/pages\/334\/revisions\/1398"}],"wp:attachment":[{"href":"http:\/\/www.harzklub-ilfeld-wiegersdorf.de\/index.php?rest_route=%2Fwp%2Fv2%2Fmedia&parent=334"}],"curies":[{"name":"wp","href":"https:\/\/api.w.org\/{rel}","templated":true}]}}