{"id":2628,"date":"2024-07-21T06:00:17","date_gmt":"2024-07-21T06:00:17","guid":{"rendered":"https:\/\/www.harzklub-ilfeld-wiegersdorf.de\/?page_id=2628"},"modified":"2024-07-21T06:13:59","modified_gmt":"2024-07-21T06:13:59","slug":"2024-2","status":"publish","type":"page","link":"http:\/\/www.harzklub-ilfeld-wiegersdorf.de\/?page_id=2628","title":{"rendered":"2024"},"content":{"rendered":"\n<p><\/p>\n\n\n<p>\u00a0<\/p>\n<h3 style=\"text-align: left;\"><span style=\"color: #008000;\">Am 06.Juli 2024 um 04:30 Uhr war der Blumenpavillon in Ilfeld wieder Treffpunkt zur\u00a0 23. traditionellen Wanderung des Harzklub Zweigvereins Ilfeld \u2013 Wiegersdorf von Ilfeld zum Brocken.<\/span><\/h3>\n<h3 style=\"text-align: left;\"><span style=\"color: #008000;\">In diesem Jahr traf sich aufgrund der fr\u00fchen Ferien und Urlaubszeit nur eine kleine Gruppe von neun Wanderern um die Strecke zum Brocken in Angriff zu nehmen .Um auch einmal mit der Tradition zu brechen\u00a0f\u00fchrte der erste Teil der Strecke dieses Mal\u00a0 am Netzkater Bahnhof\u00a0 vorbei ,durch die Lindenh\u00f6hle hinauf nach Sophienhof .<\/span><\/h3>\n<h3 style=\"text-align: left;\"><span style=\"color: #008000;\">Dort stie\u00dfen die Wirtin der Ziegenalm mit Hund Bo zur Wandergruppe hinzu.<\/span><\/h3>\n<h3 style=\"text-align: left;\"><span style=\"color: #008000;\">\u00dcber den Stierbergteich , den Moserteich wurde Benneckenstein erreicht.Dort traf man wieder auf die traditionelle Route ,die weiter nach Tanne , Elend , durch\u2018s Elendstal nach Schierke und von dort \u00fcber die Alte Bobbahn hinauf zum Brocken f\u00fchrte .<\/span><\/h3>\n<h3 style=\"text-align: left;\"><span style=\"color: #008000;\">Nach einer Erfrischung im Goethesaal,sowie dem traditionellen Gipfelfoto am Brockenstein lie\u00dfen wir diesen sch\u00f6ne Tag bei der R\u00fcckfahrt mit dem Dampfzug der HSB zur\u00fcck nach Ilfeld gem\u00fctlich ausklingen .<\/span><\/h3>\n<h4>\u00a0<\/h4>\n<p><img loading=\"lazy\" decoding=\"async\" class=\"aligncenter size-large wp-image-2623\" src=\"http:\/\/www.harzklub-ilfeld-wiegersdorf.de\/wp-content\/uploads\/2024\/07\/Brocken-2024-1-1024x795.jpg\" alt=\"\" width=\"700\" height=\"543\" srcset=\"http:\/\/www.harzklub-ilfeld-wiegersdorf.de\/wp-content\/uploads\/2024\/07\/Brocken-2024-1-1024x795.jpg 1024w, http:\/\/www.harzklub-ilfeld-wiegersdorf.de\/wp-content\/uploads\/2024\/07\/Brocken-2024-1-300x233.jpg 300w, http:\/\/www.harzklub-ilfeld-wiegersdorf.de\/wp-content\/uploads\/2024\/07\/Brocken-2024-1-768x596.jpg 768w, http:\/\/www.harzklub-ilfeld-wiegersdorf.de\/wp-content\/uploads\/2024\/07\/Brocken-2024-1.jpg 1500w\" sizes=\"auto, (max-width: 700px) 100vw, 700px\" \/><\/p>","protected":false},"excerpt":{"rendered":"<p>\u00a0 Am 06.Juli 2024 um 04:30 Uhr war der Blumenpavillon in Ilfeld wieder Treffpunkt zur\u00a0 23. traditionellen Wanderung des Harzklub Zweigvereins Ilfeld \u2013 Wiegersdorf von Ilfeld zum Brocken. In diesem Jahr traf sich aufgrund der fr\u00fchen Ferien und Urlaubszeit nur&hellip; <\/p>\n","protected":false},"author":1,"featured_media":0,"parent":0,"menu_order":0,"comment_status":"closed","ping_status":"closed","template":"","meta":{"footnotes":""},"class_list":["post-2628","page","type-page","status-publish","hentry"],"_links":{"self":[{"href":"http:\/\/www.harzklub-ilfeld-wiegersdorf.de\/index.php?rest_route=\/wp\/v2\/pages\/2628","targetHints":{"allow":["GET"]}}],"collection":[{"href":"http:\/\/www.harzklub-ilfeld-wiegersdorf.de\/index.php?rest_route=\/wp\/v2\/pages"}],"about":[{"href":"http:\/\/www.harzklub-ilfeld-wiegersdorf.de\/index.php?rest_route=\/wp\/v2\/types\/page"}],"author":[{"embeddable":true,"href":"http:\/\/www.harzklub-ilfeld-wiegersdorf.de\/index.php?rest_route=\/wp\/v2\/users\/1"}],"replies":[{"embeddable":true,"href":"http:\/\/www.harzklub-ilfeld-wiegersdorf.de\/index.php?rest_route=%2Fwp%2Fv2%2Fcomments&post=2628"}],"version-history":[{"count":6,"href":"http:\/\/www.harzklub-ilfeld-wiegersdorf.de\/index.php?rest_route=\/wp\/v2\/pages\/2628\/revisions"}],"predecessor-version":[{"id":2638,"href":"http:\/\/www.harzklub-ilfeld-wiegersdorf.de\/index.php?rest_route=\/wp\/v2\/pages\/2628\/revisions\/2638"}],"wp:attachment":[{"href":"http:\/\/www.harzklub-ilfeld-wiegersdorf.de\/index.php?rest_route=%2Fwp%2Fv2%2Fmedia&parent=2628"}],"curies":[{"name":"wp","href":"https:\/\/api.w.org\/{rel}","templated":true}]}}