{"id":2447,"date":"2023-11-19T15:21:59","date_gmt":"2023-11-19T15:21:59","guid":{"rendered":"http:\/\/www.harzklub-ilfeld-wiegersdorf.de\/?page_id=2447"},"modified":"2025-07-13T16:07:33","modified_gmt":"2025-07-13T16:07:33","slug":"bruecke-eisfelder-talmuehle","status":"publish","type":"page","link":"http:\/\/www.harzklub-ilfeld-wiegersdorf.de\/?page_id=2447","title":{"rendered":"Br\u00fccke Eisfelder Talm\u00fchle"},"content":{"rendered":"<h3><span style=\"color: #99cc00;\"><span style=\"color: #008000;\">Fu\u00dfg\u00e4ngerbr\u00fccke \u201eEisfelder Talm\u00fchle\u201c wieder begehbar <\/span><\/span><\/h3>\n<p><span style=\"color: #008000;\">Jahrelang war sie infolge Bauf\u00e4lligkeit gesperrt, die Fu\u00dfg\u00e4ngerbr\u00fccke \u00fcber die Bere n\u00f6rdlich vom Bahnhof Eisfelder Talm\u00fchle. Wanderer mussten den Weg vom Bahnhof entlang der B 81 nehmen, um<\/span> <span style=\"color: #008000;\">nach<\/span><span style=\"color: #008000;\"> Sophienhof zu gelangen. Damit ist nun Schluss.<\/span><\/p>\n<p><span style=\"color: #008000;\">Der Harzklubzweigverein Ilfeld-Wiegersdorf e. V. begann im Herbst 2022 mit dem Abriss der alten Konstruktion aus Stahltr\u00e4gern und Beton. Die Sch\u00e4den waren enorm. Ein Baujahr ist allerdings daf\u00fcr nicht mehr bekannt. Gebaut vermutlich noch vor dem Krieg, denn alle kannten die Br\u00fccke nur so, wie wir sie dann abgerissen haben.<\/span><\/p>\n<p><span style=\"color: #008000;\">Nach dem Abriss des \u00dcberbaus und der Entsorgung der Br\u00fcckenteile begannen wir noch im November 2022 mit der Ber\u00e4umung des Flussbettes und der Herstellung der Fundamente. Die Firma Uwe Fiebig aus Ilfeld fertigte uns daf\u00fcr die Fundamentschalung und sponserte diese. Der Bauhof stellte uns den Betonmischer zur Verf\u00fcgung, den wir mit einem Notstromaggregat dann f\u00fcr den Fundamentbau nutzen konnten.&nbsp;<\/span><\/p>\n<p><span style=\"color: #008000;\">Die neue Br\u00fccke sollte eine Holzbr\u00fccke werden, die L\u00e4ngstr\u00e4ger aus Eichenholz, ebenso der Belag. Nach notwendigen Zuschnitt-Arbeiten bei der Firma Holzbau Norbert Schmidt<\/span><\/p>\n<p><span style=\"color: #008000;\">aus Ilfeld wurden die L\u00e4ngstr\u00e4ger mit dem LKW der Firma zur Baustelle transportiert. Die Montage der L\u00e4ngstr\u00e4ger erfolgte dann mit dem Mobilkran der Firma Holzbau Schmidt unter kurzzeitiger Vollsperrung der B 81. Das war nur m\u00f6glich durch Unterst\u00fctzung vom Polizeihauptmeister Kaiser, unserem Kontaktbereichsbeamten.<\/span><\/p>\n<p><span style=\"color: #008000;\">Um das Schwingungsverhalten der Br\u00fccke zu reduzieren, wurde entschieden, das Gel\u00e4nder als mittragenden Fachwerktr\u00e4ger auszubilden. Nach \u201eendloser\u201c Bestellzeit konnte das Gel\u00e4nder aus L\u00e4rchenholz dann noch rechtzeitig vor dem Th\u00fcringer Wandertag in Ilfeld montiert werden. Dazu wurden die L\u00e4ngstr\u00e4ger ca. 2 cm mittig angehoben, um eine Vorspannung einzutragen und diese zu aktivieren. Das ist perfekt gelungen, die Br\u00fccke hat die notwendige Steifigkeit dadurch erhalten. Die notwendigen Treppenstufen aus Altbest\u00e4nden an Granitborden lieferte und verlegte der Bauhof unserer Gemeinde.<\/span><\/p>\n<p><span style=\"color: #008000;\">Es war wieder eine tolle Gemeinschaftsarbeit, die allerdings auch nur m\u00f6glich war, weil neben den unterst\u00fctzenden Firmen Sponsoren gefunden werden konnten, die den Hauptteil der Kosten getragen haben. Dazu z\u00e4hlt die Firma EUROHUNT aus Ilfeld ebenso wie eine gr\u00f6\u00dfere Spende von Herrn Diethard R\u00e4thel. Gleichfalls unterst\u00fctzte uns der Ortschaftsrat mit einer Geldspende. Im Namen des Vorstandes des Vereins m\u00f6chte ich mich bei den Firmen und Sponsoren vielmals bedanken. Ebenso bei den vielen ehrenamtlichen Helfern unseres Vereins. Ohne A. Volkmann, A. Zeiler, M. Peschel, K. Huhle, Th. G\u00fcldenzopf, R. Deistung, R. Laszig, J. Dittmann, U. Kersten, M. Gerecke w\u00e4re der Br\u00fcckenbau nicht m\u00f6glich gewesen.<\/span><\/p>\n<p><span style=\"color: #008000;\">M\u00f6ge dieses Bauwerk uns allen noch lange erhalten bleiben. Der Unterzeichner hat \u00fcbrigens auch mitgewirkt.<\/span><\/p>\n<p><span style=\"color: #008000;\">Andreas Schmidt<\/span><\/p>\n<p><span style=\"color: #008000;\">Vorsitzender&nbsp;<\/span><\/p>\n<p><span style=\"color: #008000;\">Harzklubzweigverein Ilfeld &#8211; Wiegersdorf<\/span><\/p>\n<p><\/p>\n<p style=\"text-align: center;\"><div id=\"grid-gallery-42-8442\" data-gg-id=\"42\" data-title=\"Reparatur Br\u00fccke Eisfelder Talm\u00fchle\" data-grid-type=\"0\" data-offset=\"5.3\" data-area-position=\"center\" data-icons=\"\" data-preloader=\"true\" data-width=\"215\" data-height=\"215\" data-padding=\"0\" data-quicksand=\"disabled\" data-quicksand-duration=\"none\" data-popup-theme=\"theme_6\" data-popup-type=\"pretty-photo\" data-popup-image-text=\"data-description\" data-popup-widthsize=\"auto\" data-popup-heightsize=\"auto\" data-popup-i18n-words=\"{&quot;close&quot;:&quot;schlie\\u00dfen&quot;,&quot;next&quot;:&quot;n\\u00e4chste&quot;,&quot;previous&quot;:&quot;vorherige&quot;,&quot;start_slideshow&quot;:&quot;Starte Slideshow&quot;,&quot;stop_slideshow&quot;:&quot;Stoppe Slideshow&quot;,&quot;image&quot;:&quot;Bild&quot;,&quot;of&quot;:&quot;von&quot;,&quot;prev&quot;:&quot;vorherige&quot;,&quot;cExpand&quot;:&quot;Erweitere&quot;,&quot;cPrevious&quot;:&quot;Vorheriges&quot;,&quot;cNext&quot;:&quot;N\\u00e4chstes&quot;,&quot;cExpandStr&quot;:&quot;Erweitere Bild&quot;,&quot;cRotate&quot;:&quot;Rotate&quot;,&quot;cDetails&quot;:&quot;Details&quot;}\" data-popup-slideshow=\"false\" data-popup-slideshow-speed=\"2500\" data-popup-hoverstop=\"true\" data-popup-slideshow-auto=\"false\" data-popup-background=\"\" data-popup-transparency=\"30\" data-popup-disable-history=\"\" data-popup-disable-changed-url=\"\" data-popup-border-type=\"solid\" data-popup-border-color=\"\" data-popup-border-width=\"\" data-popup-border-enable=\"\" data-fullscreen=\"false\" data-hide-tooltip=\"false\" data-caption-font-family=\"Default\" data-caption-text-size=\"140\" data-is-mobile=\"0\" data-caption-mobile=\"false\" data-hide-long-tltp-title=\"0\" data-caption-disabled-on-mobile=\"false\" data-popup-placement-type=\"0\" data-social-sharing=\"{&quot;enabled&quot;:&quot;&quot;,&quot;gallerySharing&quot;:{&quot;enabled&quot;:null,&quot;position&quot;:null},&quot;imageSharing&quot;:{&quot;enabled&quot;:null,&quot;wrapperClass&quot;:&quot; vertical &quot;},&quot;popupSharing&quot;:{&quot;enabled&quot;:null,&quot;wrapperClass&quot;:&quot; vertical &quot;}}\" class=\"grid-gallery grid-gallery-fixed \" style=\" width:100%; height:auto; margin-left:auto; margin-right:auto;position:relative;\"> <div class=\"gallery-loading\"> <div class=\"blocks\"> <div class=\"block\"><\/div> <div class=\"block\"><\/div> <div class=\"block\"><\/div> <div class=\"block\"><\/div> <\/div> <\/div> <div class=\"gallery-sharing-top\" style=\"display:none;\"> <\/div> <div id=\"photos-42\" class=\"grid-gallery-photos\"><FIGURE class=\"grid-gallery-caption\" data-grid-gallery-type=\"quarter-slide-up\" data-index=\"0\" style=\"display:none;border-radius:00;; margin:5.3px; width:2150;\" ><div class=\"crop\" style=\" width:2150; height:2150; overflow:hidden;\"><img decoding=\"async\" src=\"https:\/\/www.harzklub-ilfeld-wiegersdorf.de\/wp-content\/uploads\/2024\/01\/IMG-20231229-WA0017-1-215x215.jpg\" class=\"ggImg\" alt=\"1\" title=\"IMG-20231229-WA0017-1\" data-description=\"IMG-20231229-WA0017-1\" data-caption=\"IMG-20231229-WA0017-1\" data-title=\"IMG-20231229-WA0017-1\" style=\" width:215px; height:215px;\" \/><\/div><FIGCAPTION class=\"\" data-alpha=\"5\" style=\"color:#ffffff; background-color:#6f0000; font-size:140; text-align:left; font-family:Default;\" ><div class=\"grid-gallery-figcaption-wrap\" style=\"\"><\/div><\/FIGCAPTION><\/FIGURE><FIGURE class=\"grid-gallery-caption\" data-grid-gallery-type=\"quarter-slide-up\" data-index=\"1\" style=\"display:none;border-radius:00;; margin:5.3px; width:2150;\" ><div class=\"crop\" style=\" width:2150; height:2150; overflow:hidden;\"><img decoding=\"async\" src=\"https:\/\/www.harzklub-ilfeld-wiegersdorf.de\/wp-content\/uploads\/2024\/01\/IMG-20231229-WA0018-1-1-215x215.jpg\" class=\"ggImg\" alt=\"2\" title=\"IMG-20231229-WA0018-1\" data-description=\"IMG-20231229-WA0018-1\" data-caption=\"IMG-20231229-WA0018-1\" data-title=\"IMG-20231229-WA0018-1\" style=\" width:215px; height:215px;\" \/><\/div><FIGCAPTION class=\"\" data-alpha=\"5\" style=\"color:#ffffff; background-color:#6f0000; font-size:140; text-align:left; font-family:Default;\" ><div class=\"grid-gallery-figcaption-wrap\" style=\"\"><\/div><\/FIGCAPTION><\/FIGURE><FIGURE class=\"grid-gallery-caption\" data-grid-gallery-type=\"quarter-slide-up\" data-index=\"2\" style=\"display:none;border-radius:00;; margin:5.3px; width:2150;\" ><div class=\"crop\" style=\" width:2150; height:2150; overflow:hidden;\"><img decoding=\"async\" src=\"https:\/\/www.harzklub-ilfeld-wiegersdorf.de\/wp-content\/uploads\/2024\/01\/IMG-20231229-WA0013-1-215x215.jpg\" class=\"ggImg\" alt=\"3\" title=\"IMG-20231229-WA0013-1\" data-description=\"IMG-20231229-WA0013-1\" data-caption=\"IMG-20231229-WA0013-1\" data-title=\"IMG-20231229-WA0013-1\" style=\" width:215px; height:215px;\" \/><\/div><FIGCAPTION class=\"\" data-alpha=\"5\" style=\"color:#ffffff; background-color:#6f0000; font-size:140; text-align:left; font-family:Default;\" ><div class=\"grid-gallery-figcaption-wrap\" style=\"\"><\/div><\/FIGCAPTION><\/FIGURE><FIGURE class=\"grid-gallery-caption\" data-grid-gallery-type=\"quarter-slide-up\" data-index=\"3\" style=\"display:none;border-radius:00;; margin:5.3px; width:2150;\" ><div class=\"crop\" style=\" width:2150; height:2150; overflow:hidden;\"><img decoding=\"async\" src=\"https:\/\/www.harzklub-ilfeld-wiegersdorf.de\/wp-content\/uploads\/2024\/01\/IMG-20221126-WA0004-1-215x215.jpg\" class=\"ggImg\" alt=\"4\" title=\"IMG-20221126-WA0004-1\" data-description=\"IMG-20221126-WA0004-1\" data-caption=\"IMG-20221126-WA0004-1\" data-title=\"IMG-20221126-WA0004-1\" style=\" width:215px; height:215px;\" \/><\/div><FIGCAPTION class=\"\" data-alpha=\"5\" style=\"color:#ffffff; background-color:#6f0000; font-size:140; text-align:left; font-family:Default;\" ><div class=\"grid-gallery-figcaption-wrap\" style=\"\"><\/div><\/FIGCAPTION><\/FIGURE><FIGURE class=\"grid-gallery-caption\" data-grid-gallery-type=\"quarter-slide-up\" data-index=\"4\" style=\"display:none;border-radius:00;; margin:5.3px; width:2150;\" ><div class=\"crop\" style=\" width:2150; height:2150; overflow:hidden;\"><img decoding=\"async\" src=\"https:\/\/www.harzklub-ilfeld-wiegersdorf.de\/wp-content\/uploads\/2024\/01\/IMG-20230303-WA0012-1-215x215.jpg\" class=\"ggImg\" alt=\"5\" title=\"IMG-20230303-WA0012-1\" data-description=\"IMG-20230303-WA0012-1\" data-caption=\"IMG-20230303-WA0012-1\" data-title=\"IMG-20230303-WA0012-1\" style=\" width:215px; height:215px;\" \/><\/div><FIGCAPTION class=\"\" data-alpha=\"5\" style=\"color:#ffffff; background-color:#6f0000; font-size:140; text-align:left; font-family:Default;\" ><div class=\"grid-gallery-figcaption-wrap\" style=\"\"><\/div><\/FIGCAPTION><\/FIGURE><FIGURE class=\"grid-gallery-caption\" data-grid-gallery-type=\"quarter-slide-up\" data-index=\"5\" style=\"display:none;border-radius:00;; margin:5.3px; width:2150;\" ><div class=\"crop\" style=\" width:2150; height:2150; overflow:hidden;\"><img decoding=\"async\" src=\"https:\/\/www.harzklub-ilfeld-wiegersdorf.de\/wp-content\/uploads\/2024\/01\/IMG-20230303-WA0020-1-215x215.jpg\" class=\"ggImg\" alt=\"6\" title=\"IMG-20230303-WA0020-1\" data-description=\"IMG-20230303-WA0020-1\" data-caption=\"IMG-20230303-WA0020-1\" data-title=\"IMG-20230303-WA0020-1\" style=\" width:215px; height:215px;\" \/><\/div><FIGCAPTION class=\"\" data-alpha=\"5\" style=\"color:#ffffff; background-color:#6f0000; font-size:140; text-align:left; font-family:Default;\" ><div class=\"grid-gallery-figcaption-wrap\" style=\"\"><\/div><\/FIGCAPTION><\/FIGURE><FIGURE class=\"grid-gallery-caption\" data-grid-gallery-type=\"quarter-slide-up\" data-index=\"6\" style=\"display:none;border-radius:00;; margin:5.3px; width:2150;\" ><div class=\"crop\" style=\" width:2150; height:2150; overflow:hidden;\"><img decoding=\"async\" src=\"https:\/\/www.harzklub-ilfeld-wiegersdorf.de\/wp-content\/uploads\/2024\/01\/IMG-20230303-WA0023-1-215x215.jpg\" class=\"ggImg\" alt=\"7\" title=\"IMG-20230303-WA0023-1\" data-description=\"IMG-20230303-WA0023-1\" data-caption=\"IMG-20230303-WA0023-1\" data-title=\"IMG-20230303-WA0023-1\" style=\" width:215px; height:215px;\" \/><\/div><FIGCAPTION class=\"\" data-alpha=\"5\" style=\"color:#ffffff; background-color:#6f0000; font-size:140; text-align:left; font-family:Default;\" ><div class=\"grid-gallery-figcaption-wrap\" style=\"\"><\/div><\/FIGCAPTION><\/FIGURE><FIGURE class=\"grid-gallery-caption\" data-grid-gallery-type=\"quarter-slide-up\" data-index=\"7\" style=\"display:none;border-radius:00;; margin:5.3px; width:2150;\" ><div class=\"crop\" style=\" width:2150; height:2150; overflow:hidden;\"><img decoding=\"async\" src=\"https:\/\/www.harzklub-ilfeld-wiegersdorf.de\/wp-content\/uploads\/2024\/01\/IMG-20230303-WA0022-1-215x215.jpg\" class=\"ggImg\" alt=\"8\" title=\"IMG-20230303-WA0022-1\" data-description=\"IMG-20230303-WA0022-1\" data-caption=\"IMG-20230303-WA0022-1\" data-title=\"IMG-20230303-WA0022-1\" style=\" width:215px; height:215px;\" \/><\/div><FIGCAPTION class=\"\" data-alpha=\"5\" style=\"color:#ffffff; background-color:#6f0000; font-size:140; text-align:left; font-family:Default;\" ><div class=\"grid-gallery-figcaption-wrap\" style=\"\"><\/div><\/FIGCAPTION><\/FIGURE><FIGURE class=\"grid-gallery-caption\" data-grid-gallery-type=\"quarter-slide-up\" data-index=\"8\" style=\"display:none;border-radius:00;; margin:5.3px; width:2150;\" ><div class=\"crop\" style=\" width:2150; height:2150; overflow:hidden;\"><img decoding=\"async\" src=\"https:\/\/www.harzklub-ilfeld-wiegersdorf.de\/wp-content\/uploads\/2024\/01\/IMG-20230303-WA0010-1-215x215.jpg\" class=\"ggImg\" alt=\"9\" title=\"IMG-20230303-WA0010-1\" data-description=\"IMG-20230303-WA0010-1\" data-caption=\"IMG-20230303-WA0010-1\" data-title=\"IMG-20230303-WA0010-1\" style=\" width:215px; height:215px;\" \/><\/div><FIGCAPTION class=\"\" data-alpha=\"5\" style=\"color:#ffffff; background-color:#6f0000; font-size:140; text-align:left; font-family:Default;\" ><div class=\"grid-gallery-figcaption-wrap\" style=\"\"><\/div><\/FIGCAPTION><\/FIGURE><FIGURE class=\"grid-gallery-caption\" data-grid-gallery-type=\"quarter-slide-up\" data-index=\"9\" style=\"display:none;border-radius:00;; margin:5.3px; width:2150;\" ><div class=\"crop\" style=\" width:2150; height:2150; overflow:hidden;\"><img decoding=\"async\" src=\"https:\/\/www.harzklub-ilfeld-wiegersdorf.de\/wp-content\/uploads\/2024\/01\/IMG-20230303-WA0008-1-215x215.jpg\" class=\"ggImg\" alt=\"10\" title=\"IMG-20230303-WA0008-1\" data-description=\"IMG-20230303-WA0008-1\" data-caption=\"IMG-20230303-WA0008-1\" data-title=\"IMG-20230303-WA0008-1\" style=\" width:215px; height:215px;\" \/><\/div><FIGCAPTION class=\"\" data-alpha=\"5\" style=\"color:#ffffff; background-color:#6f0000; font-size:140; text-align:left; font-family:Default;\" ><div class=\"grid-gallery-figcaption-wrap\" style=\"\"><\/div><\/FIGCAPTION><\/FIGURE><FIGURE class=\"grid-gallery-caption\" data-grid-gallery-type=\"quarter-slide-up\" data-index=\"10\" style=\"display:none;border-radius:00;; margin:5.3px; width:2150;\" ><div class=\"crop\" style=\" width:2150; height:2150; overflow:hidden;\"><img decoding=\"async\" src=\"https:\/\/www.harzklub-ilfeld-wiegersdorf.de\/wp-content\/uploads\/2024\/01\/IMG-20230303-WA0016-1-215x215.jpg\" class=\"ggImg\" alt=\"11\" title=\"IMG-20230303-WA0016-1\" data-description=\"IMG-20230303-WA0016-1\" data-caption=\"IMG-20230303-WA0016-1\" data-title=\"IMG-20230303-WA0016-1\" style=\" width:215px; height:215px;\" \/><\/div><FIGCAPTION class=\"\" data-alpha=\"5\" style=\"color:#ffffff; background-color:#6f0000; font-size:140; text-align:left; font-family:Default;\" ><div class=\"grid-gallery-figcaption-wrap\" style=\"\"><\/div><\/FIGCAPTION><\/FIGURE><FIGURE class=\"grid-gallery-caption\" data-grid-gallery-type=\"quarter-slide-up\" data-index=\"11\" style=\"display:none;border-radius:00;; margin:5.3px; width:2150;\" ><div class=\"crop\" style=\" width:2150; height:2150; overflow:hidden;\"><img decoding=\"async\" src=\"https:\/\/www.harzklub-ilfeld-wiegersdorf.de\/wp-content\/uploads\/2024\/01\/IMG-20230317-WA0002-1-215x215.jpg\" class=\"ggImg\" alt=\"12\" title=\"IMG-20230317-WA0002-1\" data-description=\"IMG-20230317-WA0002-1\" data-caption=\"IMG-20230317-WA0002-1\" data-title=\"IMG-20230317-WA0002-1\" style=\" width:215px; height:215px;\" \/><\/div><FIGCAPTION class=\"\" data-alpha=\"5\" style=\"color:#ffffff; background-color:#6f0000; font-size:140; text-align:left; font-family:Default;\" ><div class=\"grid-gallery-figcaption-wrap\" style=\"\"><\/div><\/FIGCAPTION><\/FIGURE><FIGURE class=\"grid-gallery-caption\" data-grid-gallery-type=\"quarter-slide-up\" data-index=\"12\" style=\"display:none;border-radius:00;; margin:5.3px; width:2150;\" ><div class=\"crop\" style=\" width:2150; height:2150; overflow:hidden;\"><img decoding=\"async\" src=\"https:\/\/www.harzklub-ilfeld-wiegersdorf.de\/wp-content\/uploads\/2024\/01\/IMG-20230317-WA0000-1-215x215.jpg\" class=\"ggImg\" alt=\"13\" title=\"IMG-20230317-WA0000-1\" data-description=\"IMG-20230317-WA0000-1\" data-caption=\"IMG-20230317-WA0000-1\" data-title=\"IMG-20230317-WA0000-1\" style=\" width:215px; height:215px;\" \/><\/div><FIGCAPTION class=\"\" data-alpha=\"5\" style=\"color:#ffffff; background-color:#6f0000; font-size:140; text-align:left; font-family:Default;\" ><div class=\"grid-gallery-figcaption-wrap\" style=\"\"><\/div><\/FIGCAPTION><\/FIGURE><FIGURE class=\"grid-gallery-caption\" data-grid-gallery-type=\"quarter-slide-up\" data-index=\"13\" style=\"display:none;border-radius:00;; margin:5.3px; width:2150;\" ><div class=\"crop\" style=\" width:2150; height:2150; overflow:hidden;\"><img decoding=\"async\" src=\"https:\/\/www.harzklub-ilfeld-wiegersdorf.de\/wp-content\/uploads\/2024\/01\/IMG-20230814-WA0018-1-215x215.jpg\" class=\"ggImg\" alt=\"14\" title=\"IMG-20230814-WA0018-1\" data-description=\"IMG-20230814-WA0018-1\" data-caption=\"IMG-20230814-WA0018-1\" data-title=\"IMG-20230814-WA0018-1\" style=\" width:215px; height:215px;\" \/><\/div><FIGCAPTION class=\"\" data-alpha=\"5\" style=\"color:#ffffff; background-color:#6f0000; font-size:140; text-align:left; font-family:Default;\" ><div class=\"grid-gallery-figcaption-wrap\" style=\"\"><\/div><\/FIGCAPTION><\/FIGURE><FIGURE class=\"grid-gallery-caption\" data-grid-gallery-type=\"quarter-slide-up\" data-index=\"14\" style=\"display:none;border-radius:00;; margin:5.3px; width:2150;\" ><div class=\"crop\" style=\" width:2150; height:2150; overflow:hidden;\"><img decoding=\"async\" src=\"https:\/\/www.harzklub-ilfeld-wiegersdorf.de\/wp-content\/uploads\/2024\/01\/IMG-20230814-WA0022-1-215x215.jpg\" class=\"ggImg\" alt=\"15\" title=\"IMG-20230814-WA0022-1\" data-description=\"IMG-20230814-WA0022-1\" data-caption=\"IMG-20230814-WA0022-1\" data-title=\"IMG-20230814-WA0022-1\" style=\" width:215px; height:215px;\" \/><\/div><FIGCAPTION class=\"\" data-alpha=\"5\" style=\"color:#ffffff; background-color:#6f0000; font-size:140; text-align:left; font-family:Default;\" ><div class=\"grid-gallery-figcaption-wrap\" style=\"\"><\/div><\/FIGCAPTION><\/FIGURE><FIGURE class=\"grid-gallery-caption\" data-grid-gallery-type=\"quarter-slide-up\" data-index=\"15\" style=\"display:none;border-radius:00;; margin:5.3px; width:2150;\" ><div class=\"crop\" style=\" width:2150; height:2150; overflow:hidden;\"><img decoding=\"async\" src=\"https:\/\/www.harzklub-ilfeld-wiegersdorf.de\/wp-content\/uploads\/2024\/01\/IMG-20230814-WA0004-1-215x215.jpg\" class=\"ggImg\" alt=\"16\" title=\"IMG-20230814-WA0004-1\" data-description=\"IMG-20230814-WA0004-1\" data-caption=\"IMG-20230814-WA0004-1\" data-title=\"IMG-20230814-WA0004-1\" style=\" width:215px; height:215px;\" \/><\/div><FIGCAPTION class=\"\" data-alpha=\"5\" style=\"color:#ffffff; background-color:#6f0000; font-size:140; text-align:left; font-family:Default;\" ><div class=\"grid-gallery-figcaption-wrap\" style=\"\"><\/div><\/FIGCAPTION><\/FIGURE><FIGURE class=\"grid-gallery-caption\" data-grid-gallery-type=\"quarter-slide-up\" data-index=\"16\" style=\"display:none;border-radius:00;; margin:5.3px; width:2150;\" ><div class=\"crop\" style=\" width:2150; height:2150; overflow:hidden;\"><img decoding=\"async\" src=\"https:\/\/www.harzklub-ilfeld-wiegersdorf.de\/wp-content\/uploads\/2024\/01\/IMG-20230814-WA0014-1-215x215.jpg\" class=\"ggImg\" alt=\"17\" title=\"IMG-20230814-WA0014-1\" data-description=\"IMG-20230814-WA0014-1\" data-caption=\"IMG-20230814-WA0014-1\" data-title=\"IMG-20230814-WA0014-1\" style=\" width:215px; height:215px;\" \/><\/div><FIGCAPTION class=\"\" data-alpha=\"5\" style=\"color:#ffffff; background-color:#6f0000; font-size:140; text-align:left; font-family:Default;\" ><div class=\"grid-gallery-figcaption-wrap\" style=\"\"><\/div><\/FIGCAPTION><\/FIGURE><FIGURE class=\"grid-gallery-caption\" data-grid-gallery-type=\"quarter-slide-up\" data-index=\"17\" style=\"display:none;border-radius:00;; margin:5.3px; width:2150;\" ><div class=\"crop\" style=\" width:2150; height:2150; overflow:hidden;\"><img decoding=\"async\" src=\"https:\/\/www.harzklub-ilfeld-wiegersdorf.de\/wp-content\/uploads\/2024\/01\/IMG-20230813-WA0000-1-215x215.jpg\" class=\"ggImg\" alt=\"18\" title=\"IMG-20230813-WA0000-1\" data-description=\"IMG-20230813-WA0000-1\" data-caption=\"IMG-20230813-WA0000-1\" data-title=\"IMG-20230813-WA0000-1\" style=\" width:215px; height:215px;\" \/><\/div><FIGCAPTION class=\"\" data-alpha=\"5\" style=\"color:#ffffff; background-color:#6f0000; font-size:140; text-align:left; font-family:Default;\" ><div class=\"grid-gallery-figcaption-wrap\" style=\"\"><\/div><\/FIGCAPTION><\/FIGURE><FIGURE class=\"grid-gallery-caption\" data-grid-gallery-type=\"quarter-slide-up\" data-index=\"18\" style=\"display:none;border-radius:00;; margin:5.3px; width:2150;\" ><div class=\"crop\" style=\" width:2150; height:2150; overflow:hidden;\"><img decoding=\"async\" src=\"https:\/\/www.harzklub-ilfeld-wiegersdorf.de\/wp-content\/uploads\/2024\/01\/IMG-20230814-WA0010-1-215x215.jpg\" class=\"ggImg\" alt=\"19\" title=\"IMG-20230814-WA0010-1\" data-description=\"IMG-20230814-WA0010-1\" data-caption=\"IMG-20230814-WA0010-1\" data-title=\"IMG-20230814-WA0010-1\" style=\" width:215px; height:215px;\" \/><\/div><FIGCAPTION class=\"\" data-alpha=\"5\" style=\"color:#ffffff; background-color:#6f0000; font-size:140; text-align:left; font-family:Default;\" ><div class=\"grid-gallery-figcaption-wrap\" style=\"\"><\/div><\/FIGCAPTION><\/FIGURE><FIGURE class=\"grid-gallery-caption\" data-grid-gallery-type=\"quarter-slide-up\" data-index=\"19\" style=\"display:none;border-radius:00;; margin:5.3px; width:2150;\" ><div class=\"crop\" style=\" width:2150; height:2150; overflow:hidden;\"><img decoding=\"async\" src=\"https:\/\/www.harzklub-ilfeld-wiegersdorf.de\/wp-content\/uploads\/2024\/01\/IMG-20230909-WA0000-1-215x215.jpg\" class=\"ggImg\" alt=\"20\" title=\"IMG-20230909-WA0000-1\" data-description=\"IMG-20230909-WA0000-1\" data-caption=\"IMG-20230909-WA0000-1\" data-title=\"IMG-20230909-WA0000-1\" style=\" width:215px; height:215px;\" \/><\/div><FIGCAPTION class=\"\" data-alpha=\"5\" style=\"color:#ffffff; background-color:#6f0000; font-size:140; text-align:left; font-family:Default;\" ><div class=\"grid-gallery-figcaption-wrap\" style=\"\"><\/div><\/FIGCAPTION><\/FIGURE> <div class=\"grid-gallery-clearfix\"><\/div> <\/div> <div class=\"gallery-sharing-bottom\" style=\"display:none;\"> <\/div> <div class=\"gallery-sharing-image\" style=\"display:none;\"> <\/div> <div class=\"gallery-sharing-popup\" style=\"display:none;\"> <\/div> <div class=\"grid-gallery-clearfix\"><\/div> <\/div> <!-- Gallery by Supsystic plugin1.15.32 --><a title=\"Wordpress Photo Gallery\" style=\"display:none;\" href=\"https:\/\/supsystic.com\/plugins\/photo-gallery\/?utm_medium=love_link\" target=\"_blank\">Wordpress Photo Gallery<\/a><\/p>\n\n\n<figure class=\"wp-block-gallery has-nested-images columns-default is-cropped wp-block-gallery-1 is-layout-flex wp-block-gallery-is-layout-flex\"><\/figure>\n","protected":false},"excerpt":{"rendered":"<p>Fu\u00dfg\u00e4ngerbr\u00fccke \u201eEisfelder Talm\u00fchle\u201c wieder begehbar Jahrelang war sie infolge Bauf\u00e4lligkeit gesperrt, die Fu\u00dfg\u00e4ngerbr\u00fccke \u00fcber die Bere n\u00f6rdlich vom Bahnhof Eisfelder Talm\u00fchle. Wanderer mussten den Weg vom Bahnhof entlang der B 81 nehmen, um nach Sophienhof zu gelangen. Damit ist nun&hellip; <\/p>\n","protected":false},"author":1,"featured_media":0,"parent":0,"menu_order":0,"comment_status":"closed","ping_status":"closed","template":"","meta":{"footnotes":""},"class_list":["post-2447","page","type-page","status-publish","hentry"],"_links":{"self":[{"href":"http:\/\/www.harzklub-ilfeld-wiegersdorf.de\/index.php?rest_route=\/wp\/v2\/pages\/2447","targetHints":{"allow":["GET"]}}],"collection":[{"href":"http:\/\/www.harzklub-ilfeld-wiegersdorf.de\/index.php?rest_route=\/wp\/v2\/pages"}],"about":[{"href":"http:\/\/www.harzklub-ilfeld-wiegersdorf.de\/index.php?rest_route=\/wp\/v2\/types\/page"}],"author":[{"embeddable":true,"href":"http:\/\/www.harzklub-ilfeld-wiegersdorf.de\/index.php?rest_route=\/wp\/v2\/users\/1"}],"replies":[{"embeddable":true,"href":"http:\/\/www.harzklub-ilfeld-wiegersdorf.de\/index.php?rest_route=%2Fwp%2Fv2%2Fcomments&post=2447"}],"version-history":[{"count":15,"href":"http:\/\/www.harzklub-ilfeld-wiegersdorf.de\/index.php?rest_route=\/wp\/v2\/pages\/2447\/revisions"}],"predecessor-version":[{"id":2848,"href":"http:\/\/www.harzklub-ilfeld-wiegersdorf.de\/index.php?rest_route=\/wp\/v2\/pages\/2447\/revisions\/2848"}],"wp:attachment":[{"href":"http:\/\/www.harzklub-ilfeld-wiegersdorf.de\/index.php?rest_route=%2Fwp%2Fv2%2Fmedia&parent=2447"}],"curies":[{"name":"wp","href":"https:\/\/api.w.org\/{rel}","templated":true}]}}