{"id":18,"date":"2015-09-11T16:25:32","date_gmt":"2015-09-11T16:25:32","guid":{"rendered":"http:\/\/hc.hainich-it.de\/wordpress\/?page_id=18"},"modified":"2021-04-25T15:03:29","modified_gmt":"2021-04-25T15:03:29","slug":"test","status":"publish","type":"page","link":"http:\/\/www.harzklub-ilfeld-wiegersdorf.de\/?page_id=18","title":{"rendered":"Chronik"},"content":{"rendered":"<h4 style=\"text-align: center;\"><\/h4>\n<p>&nbsp;<\/p>\n<h4 style=\"text-align: center;\"><strong><span style=\"color: #339966;\">Kurzchronik des Harzklub &#8211; Zweigvereins e.V.<\/span><\/strong><br \/>\n<strong> <span style=\"color: #339966;\"> Ilfeld &#8211; Wiegersdorf<\/span><\/strong><\/h4>\n<p>&nbsp;<\/p>\n<h5><span style=\"color: #339966;\">&#8211; Am 03.11.1886 Gr\u00fcndung des \u201eHarzklub-Zweigverein Ilfeld\u201c mit 30 Mitgliedern, zum Vorsitzenden wird Oberf\u00f6rster Gra\u00dfhoff gew\u00e4hlt. Erkl\u00e4rtes Ziel: \u201edie Ilfelder Umgebung f\u00fcr das Wandern zu erschlie\u00dfen und f\u00fcr Sommerfrischler fit zu machen\u201c<\/span><br \/>\n<span style=\"color: #339966;\"> &#8211; 1894 wurde durch die umliegenden Harzklubs auf dem Poppenberg der \u201ePoppenturm\u201c errichtet, der Zweigverein z\u00e4hlt schon 78 Mitglieder<\/span><br \/>\n<span style=\"color: #339966;\"> &#8211; 1898 wird das Ilfelder Wahrzeichen die \u201eWetterfahne\u201c als h\u00f6lzernes Bauwerk errichtet<\/span><br \/>\n<span style=\"color: #339966;\"> &#8211; 1911 sind dem Verein 117 B\u00fcrger beigetreten<\/span><br \/>\n<span style=\"color: #339966;\">&#8211; 1937 begeht der Klub sein 50-j\u00e4hriges Bestehen im \u201eHotel zur Tanne\u201c. Vorsitz hatte August Hermann Pezely<\/span><br \/>\n<span style=\"color: #339966;\"> &#8211; W\u00e4hrend der Kriegsjahre verringerte sich die Vereinst\u00e4tigkeit, kam dann v\u00f6llig zum erliegen<\/span><br \/>\n<span style=\"color: #339966;\"> &#8211; Nach Kriegsende wird der DDR der Kulturbund mit einzelnen Fachgruppen gebildet. Die Fachgruppe \u201eWandern und Touristik\u201c k\u00fcmmerte sich in dieser Zeit um die Wanderwege und Aussichtspunkte, stellten B\u00e4nke und Finnenh\u00fctten in Zusammenarbeit mit dem staatl. Forstwirtschaftsbetrieb an bekannten Wanderpunkten auf<\/span><br \/>\n<span style=\"color: #339966;\"> &#8211; 1990 , nach der \u201eWende\u201c wurde am 20.April der Harzklub-Zweigverein als \u201ee.V. Ilfeld-Wiegersdorf\u201c im Ferienheim Hegerbachtal wieder gegr\u00fcndet. Spontan treten 40 Mitglieder bei<\/span><br \/>\n<span style=\"color: #339966;\"> &#8211; Nach Erarbeitung einer Satzung und einer Wahlversammlung wird der Initiator Diplom-Forstingenieur Eberhard Hofmann,<\/span> <span style=\"color: #339966;\">zum Vereinsvorsitzenden gew\u00e4hlt<\/span><br \/>\n<span style=\"color: #339966;\"> &#8211; 1993 findet die erste Walpurgisfeier auf unserem neu errichteten Grillplatz statt. Der Verein z\u00e4hlt 145 Mitglieder.<\/span><br \/>\n<span style=\"color: #339966;\"> &#8211; 1994 findet am 11. September die Sternwanderung des Harzklubs auf dem Poppenturm statt<\/span><br \/>\n<span style=\"color: #339966;\"> &#8211; 2002 wird die erste Ilfelder Brockenwanderung (42 km und 900 H\u00f6henmeter)durchgef\u00fchrt, die ab da an j\u00e4hrlich stattfindet<\/span><br \/>\n<span style=\"color: #339966;\"> &#8211; 2006 wird der Verein zu ihrer 120 Jahrfeier mit der \u201eEichendorff Plakette\u201c ausgezeichnet<\/span><br \/>\n<span style=\"color: #339966;\"> &#8211; 2007 erfolgt die Einf\u00fchrung des Projektes \u201eHarzer Wandernadel\u201c mit 7 Stempelstellen im Betreuungsgebiet<\/span><br \/>\n<span style=\"color: #339966;\"> &#8211; 2010 wird Kreiswegewart Joachim Jauer zum Vorsitzenden des Zweigvereins gew\u00e4hlt<\/span><br \/>\n<span style=\"color: #339966;\"> &#8211; 2015 wird im August die neue errichtete \u201eIlfelder Wetterfahne\u201c aufgestellt und eingeweiht.<\/span><\/h5>\n<p>&nbsp;<\/p>\n<h5 style=\"text-align: center;\"><span style=\"color: #339966;\">Diese Kurzchronik wurde von unserem Chronisten <\/span><\/h5>\n<h5 style=\"text-align: center;\"><a href=\"http:\/\/hc.hainich-it.de\/wordpress\/wp-content\/uploads\/2015\/09\/Klaus-Liebenrodt.jpg\"><img loading=\"lazy\" decoding=\"async\" class=\"aligncenter wp-image-514\" src=\"http:\/\/hc.hainich-it.de\/wordpress\/wp-content\/uploads\/2015\/09\/Klaus-Liebenrodt-1024x1019.jpg\" alt=\"Klaus Liebenrodt\" width=\"135\" height=\"134\" srcset=\"http:\/\/www.harzklub-ilfeld-wiegersdorf.de\/wp-content\/uploads\/2015\/09\/Klaus-Liebenrodt-1024x1019.jpg 1024w, http:\/\/www.harzklub-ilfeld-wiegersdorf.de\/wp-content\/uploads\/2015\/09\/Klaus-Liebenrodt-150x150.jpg 150w, http:\/\/www.harzklub-ilfeld-wiegersdorf.de\/wp-content\/uploads\/2015\/09\/Klaus-Liebenrodt-300x300.jpg 300w, http:\/\/www.harzklub-ilfeld-wiegersdorf.de\/wp-content\/uploads\/2015\/09\/Klaus-Liebenrodt-230x230.jpg 230w, http:\/\/www.harzklub-ilfeld-wiegersdorf.de\/wp-content\/uploads\/2015\/09\/Klaus-Liebenrodt.jpg 1065w\" sizes=\"auto, (max-width: 135px) 100vw, 135px\" \/><\/a><span style=\"color: #339966;\">Klaus Liebenrodt erstellt .<\/span><\/h5>\n<h5><\/h5>\n<h5><\/h5>\n<h4 style=\"text-align: center;\"><strong><span style=\"color: #339966;\">Unsere Vereinschronik<\/span><\/strong><\/h4>\n<h5 style=\"text-align: center;\"><span style=\"color: #339966;\">Wurde nat\u00fcrlich auch von unserem <\/span><\/h5>\n<h5 style=\"text-align: center;\"><span style=\"color: #339966;\">Chronisten Klaus Liebenrodt erstellt<\/span><\/h5>\n<h5 style=\"text-align: center;\"><span style=\"color: #339966;\">\u00a0<\/span><\/h5>\n","protected":false},"excerpt":{"rendered":"<p>&nbsp; Kurzchronik des Harzklub &#8211; Zweigvereins e.V. Ilfeld &#8211; Wiegersdorf &nbsp; &#8211; Am 03.11.1886 Gr\u00fcndung des \u201eHarzklub-Zweigverein Ilfeld\u201c mit 30 Mitgliedern, zum Vorsitzenden wird Oberf\u00f6rster Gra\u00dfhoff gew\u00e4hlt. Erkl\u00e4rtes Ziel: \u201edie Ilfelder Umgebung f\u00fcr das Wandern zu erschlie\u00dfen und f\u00fcr Sommerfrischler&hellip; <\/p>\n","protected":false},"author":1,"featured_media":0,"parent":0,"menu_order":0,"comment_status":"closed","ping_status":"closed","template":"","meta":{"footnotes":""},"class_list":["post-18","page","type-page","status-publish","hentry"],"_links":{"self":[{"href":"http:\/\/www.harzklub-ilfeld-wiegersdorf.de\/index.php?rest_route=\/wp\/v2\/pages\/18","targetHints":{"allow":["GET"]}}],"collection":[{"href":"http:\/\/www.harzklub-ilfeld-wiegersdorf.de\/index.php?rest_route=\/wp\/v2\/pages"}],"about":[{"href":"http:\/\/www.harzklub-ilfeld-wiegersdorf.de\/index.php?rest_route=\/wp\/v2\/types\/page"}],"author":[{"embeddable":true,"href":"http:\/\/www.harzklub-ilfeld-wiegersdorf.de\/index.php?rest_route=\/wp\/v2\/users\/1"}],"replies":[{"embeddable":true,"href":"http:\/\/www.harzklub-ilfeld-wiegersdorf.de\/index.php?rest_route=%2Fwp%2Fv2%2Fcomments&post=18"}],"version-history":[{"count":16,"href":"http:\/\/www.harzklub-ilfeld-wiegersdorf.de\/index.php?rest_route=\/wp\/v2\/pages\/18\/revisions"}],"predecessor-version":[{"id":1999,"href":"http:\/\/www.harzklub-ilfeld-wiegersdorf.de\/index.php?rest_route=\/wp\/v2\/pages\/18\/revisions\/1999"}],"wp:attachment":[{"href":"http:\/\/www.harzklub-ilfeld-wiegersdorf.de\/index.php?rest_route=%2Fwp%2Fv2%2Fmedia&parent=18"}],"curies":[{"name":"wp","href":"https:\/\/api.w.org\/{rel}","templated":true}]}}